{"id":902,"date":"2021-11-30T12:56:46","date_gmt":"2021-11-30T12:56:46","guid":{"rendered":"https:\/\/www.braavohotel.com\/avaleht\/"},"modified":"2025-02-11T12:06:39","modified_gmt":"2025-02-11T12:06:39","slug":"avaleht","status":"publish","type":"page","link":"https:\/\/www.braavohotel.com\/en\/","title":{"rendered":"MAIN PAGE"},"content":{"rendered":"\n<div class=\"wp-block-edhotels-plugin-edhotels-slider alignfull has-full-height intro-style-3\" style=\"min-height:300px\"><div data-hash=\"rvzff0s1ez\" data-effect=\"fade\" data-loop=\"false\" class=\"swiper-container swiper-intro swiper-intro-rvzff0s1ez\"><div class=\"swiper-wrapper\">\n<div class=\"wp-block-edhotels-plugin-edhotels-slide swiper-slide scalable-img\"><img decoding=\"async\" class=\"intro-image\" src=\"https:\/\/www.braavohotel.com\/wp-content\/uploads\/2022\/11\/IMG_3517-scaled.jpg\" alt=\"\" style=\"object-position:50% 50%\"\/><div class=\"intro-style-3-inner\">\n<h1 class=\"wp-block-heading has-text-align-center has-white-color has-text-color\">IDEAL LOCATION<\/h1>\n\n\n\n<p class=\"has-text-align-center has-white-color has-text-color has-large-font-size\">within walking distance to Old Town<\/p>\n<\/div><\/div>\n\n\n\n<div class=\"wp-block-edhotels-plugin-edhotels-slide swiper-slide scalable-img\"><img decoding=\"async\" class=\"intro-image\" src=\"https:\/\/www.braavohotel.com\/wp-content\/uploads\/2022\/11\/IMG_3532-scaled.jpg\" alt=\"\" style=\"object-position:50% 50%\"\/><div class=\"intro-style-3-inner\">\n<h1 class=\"wp-block-heading has-text-align-center has-white-color has-text-color\">HOTEL BRAAVO<\/h1>\n\n\n\n<p class=\"has-text-align-center has-white-color has-text-color has-large-font-size\">a cozy hotel with a homely atmosphere<\/p>\n<\/div><\/div>\n\n\n\n<div class=\"wp-block-edhotels-plugin-edhotels-slide swiper-slide scalable-img\"><img decoding=\"async\" class=\"intro-image\" src=\"https:\/\/www.braavohotel.com\/wp-content\/uploads\/2022\/01\/DSC_4332-scaled.jpg\" alt=\"\" style=\"object-position:50% 50%\"\/><div class=\"intro-style-3-inner\">\n<h1 class=\"wp-block-heading has-text-align-center has-white-color has-text-color\">WATER CENTER <\/h1>\n\n\n\n<p class=\"has-text-align-center has-white-color has-text-color\"> has 9 different pools for relaxation and for training<\/p>\n<\/div><\/div>\n\n\n\n<div class=\"wp-block-edhotels-plugin-edhotels-slide swiper-slide scalable-img\"><img decoding=\"async\" class=\"intro-image\" src=\"https:\/\/www.braavohotel.com\/wp-content\/uploads\/2022\/03\/Braavo_spa_hele.jpg\" alt=\"\" style=\"object-position:50% 50%\"\/><div class=\"intro-style-3-inner\">\n<h1 class=\"wp-block-heading has-text-align-center has-white-color has-text-color\">SAUNA EXPERIENCE<\/h1>\n\n\n\n<p class=\"has-text-align-center has-white-color has-text-color\">from 7 different sauna<\/p>\n<\/div><\/div>\n\n\n\n<div class=\"wp-block-edhotels-plugin-edhotels-slide swiper-slide scalable-img\"><img decoding=\"async\" class=\"intro-image\" src=\"https:\/\/www.braavohotel.com\/wp-content\/uploads\/2022\/01\/DSF6320-1.jpg\" alt=\"\" style=\"object-position:50% 50%\"\/><div class=\"intro-style-3-inner\">\n<h1 class=\"wp-block-heading has-text-align-center has-white-color has-text-color\">THE HEALTHY BODY AND SPIRIT<\/h1>\n\n\n\n<p class=\"has-text-align-center has-white-color has-text-color\">from the biggest sports club in Tallinn<\/p>\n<\/div><\/div>\n\n\n\n<div class=\"wp-block-edhotels-plugin-edhotels-slide swiper-slide scalable-img\"><img decoding=\"async\" class=\"intro-image\" src=\"https:\/\/www.braavohotel.com\/wp-content\/uploads\/2025\/02\/475960321_9387334368021013_6217286017661177494_n.jpg\" alt=\"\" style=\"object-position:50% 50%\"\/><div class=\"intro-style-3-inner\">\n<h1 class=\"wp-block-heading has-text-align-center has-white-color has-text-color\">HEALTHY FOOD<\/h1>\n\n\n\n<p class=\"has-text-align-center has-white-color has-text-color\">gives energy<\/p>\n<\/div><\/div>\n\n\n\n<div class=\"wp-block-edhotels-plugin-edhotels-slide swiper-slide scalable-img\"><img decoding=\"async\" class=\"intro-image\" src=\"https:\/\/www.braavohotel.com\/wp-content\/uploads\/2022\/11\/IMG_3554-scaled.jpg\" alt=\"\" style=\"object-position:50% 50%\"\/><div class=\"intro-style-3-inner\">\n<h1 class=\"wp-block-heading has-text-align-center has-white-color has-text-color\">GOOD SLEEP<\/h1>\n\n\n\n<p class=\"has-text-align-center has-white-color has-text-color\">in spacious and cozy room right in the middle of Tallinn Old Town<\/p>\n<\/div><\/div>\n<\/div><\/div><div class=\"swiper-button-next swiper-button-white normal-slider-next-rvzff0s1ez\"><\/div><div class=\"swiper-button-prev swiper-button-white normal-slider-prev-rvzff0s1ez\"><\/div><\/div>\n\n\n\n<div style=\"height:10px\" aria-hidden=\"true\" class=\"wp-block-spacer\"><\/div>\n\n\n        <div class=\"booking subpage\">\n        <div class=\"booking-content clearfix\">\n            <div class=\"booking-block\">\n                <span>Arrival<\/span>\n                <input type=\"text\" id=\"checkin\" class=\"datepicker\" title=\"Arrival\">\n                <span class=\"checkin-month\"><\/span>\n            <\/div>\n            <div class=\"booking-block\">\n                <span>Departure<\/span>\n                <input type=\"text\" id=\"checkout\" class=\"datepicker\" title=\"Departure\">\n                <span class=\"checkout-month\"><\/span>\n            <\/div>\n            <div class=\"booking-block noborder\">\n                <span>how many<\/span>\n                <input type=\"text\" id=\"adults\" class=\"people\" value=\"1\" title=\"How many persons?\">\n                <span>guests<\/span>\n            <\/div>\n            <a href=\"https:\/\/bouk.io\/booking\/braavo\/366\/rooms?language=en&#038;adults=2\" class=\"btn btn-dark booking-button booking-block noborder\">Check availability<\/a>\n        <\/div>\n    <\/div> <!-- #booking -->    \n        \n\n\n<div class=\"wp-block-columns are-vertically-aligned-center is-layout-flex wp-container-core-columns-is-layout-9d6595d7 wp-block-columns-is-layout-flex\">\n<div class=\"wp-block-column is-vertically-aligned-center is-layout-flow wp-block-column-is-layout-flow\">\n<div class=\"wp-block-columns alignwide are-vertically-aligned-center is-layout-flex wp-container-core-columns-is-layout-9d6595d7 wp-block-columns-is-layout-flex\">\n<div class=\"wp-block-column is-vertically-aligned-center is-layout-flow wp-block-column-is-layout-flow\">\n<p class=\"has-text-align-center\"> Hotel Braavo, with its cozy and homely atmosphere, is located in the environmentally valuable Old Town of Tallinn. The rooms are located behind and inside the wall of the medieval city of Tallinn. The unique environment with a historical flair is intertwined with all modern conveniences, making your stay unforgettable and enjoyable. You are welcome alone or with the entire family. <br><br>The hotel also has a well-stocked Caf\u00e9 Braavo, and the cozy Caf\u00e9 V\u00e4rav, known for its delicious coffee, is located on the site. Caf\u00e9 Braavo offers healthy snacks as well as refreshing meals and desserts. The signature pieces of V\u00e4rav are rich sandwiches, refreshing smoothies, and also the favorite coffee of real coffee gourmets.<\/p>\n\n\n\n<p class=\"has-text-align-center\">Whatever your purpose of visit, in Braavo Hotel you will meet them all. Relax from everyday worries at the spa or at the water park with seven different saunas. However, if you value activity and exercise as part of your daily life, then Tallinn&#8217;s largest and best-equipped gym awaits you. The historic Old Town of Tallinn offers sights for adventurous souls. In addition, you can check the state of your body and health with a professional personal trainer.<\/p>\n<\/div>\n<\/div>\n<\/div>\n<\/div>\n\n\n\n<div style=\"height:10px\" aria-hidden=\"true\" class=\"wp-block-spacer\"><\/div>\n\n\n\n<div class=\"wp-block-columns alignwide is-layout-flex wp-container-core-columns-is-layout-9d6595d7 wp-block-columns-is-layout-flex\">\n<div class=\"wp-block-column is-layout-flow wp-block-column-is-layout-flow\">\n<div class=\"wp-block-cover is-light\"><span aria-hidden=\"true\" class=\"wp-block-cover__background has-background-dim\"><\/span><img loading=\"lazy\" decoding=\"async\" width=\"1024\" height=\"683\" class=\"wp-block-cover__image-background wp-image-32\" alt=\"\" src=\"https:\/\/www.braavohotel.com\/wp-content\/uploads\/2021\/12\/JV6A5442-1024x683.jpg\" data-object-fit=\"cover\" srcset=\"https:\/\/www.braavohotel.com\/wp-content\/uploads\/2021\/12\/JV6A5442-1024x683.jpg 1024w, https:\/\/www.braavohotel.com\/wp-content\/uploads\/2021\/12\/JV6A5442-300x200.jpg 300w, https:\/\/www.braavohotel.com\/wp-content\/uploads\/2021\/12\/JV6A5442-768x512.jpg 768w, https:\/\/www.braavohotel.com\/wp-content\/uploads\/2021\/12\/JV6A5442-1536x1024.jpg 1536w, https:\/\/www.braavohotel.com\/wp-content\/uploads\/2021\/12\/JV6A5442-2048x1365.jpg 2048w, https:\/\/www.braavohotel.com\/wp-content\/uploads\/2021\/12\/JV6A5442-1568x1045.jpg 1568w\" sizes=\"auto, (max-width: 1024px) 100vw, 1024px\" \/><div class=\"wp-block-cover__inner-container is-layout-flow wp-block-cover-is-layout-flow\">\n<h1 class=\"wp-block-heading has-text-align-center has-white-color has-text-color\">Hotel<\/h1>\n\n\n\n<p><\/p>\n\n\n\n<div class=\"wp-block-buttons is-horizontal is-content-justification-center is-layout-flex wp-container-core-buttons-is-layout-499968f5 wp-block-buttons-is-layout-flex\"><\/div>\n\n\n\n<div class=\"wp-block-buttons is-horizontal is-content-justification-center is-layout-flex wp-container-core-buttons-is-layout-499968f5 wp-block-buttons-is-layout-flex\">\n<div class=\"wp-block-button\"><a class=\"wp-block-button__link wp-element-button\" href=\"https:\/\/www.braavohotel.com\/en\/hotell\/\">Read more<\/a><\/div>\n<\/div>\n<\/div><\/div>\n<\/div>\n\n\n\n<div class=\"wp-block-column is-layout-flow wp-block-column-is-layout-flow\">\n<div class=\"wp-block-cover\"><span aria-hidden=\"true\" class=\"wp-block-cover__background has-background-dim\"><\/span><img loading=\"lazy\" decoding=\"async\" width=\"1000\" height=\"668\" class=\"wp-block-cover__image-background wp-image-389\" alt=\"\" src=\"https:\/\/www.braavohotel.com\/wp-content\/uploads\/2022\/01\/DSC_4603-2vaiksem.jpg\" data-object-fit=\"cover\" srcset=\"https:\/\/www.braavohotel.com\/wp-content\/uploads\/2022\/01\/DSC_4603-2vaiksem.jpg 1000w, https:\/\/www.braavohotel.com\/wp-content\/uploads\/2022\/01\/DSC_4603-2vaiksem-300x200.jpg 300w, https:\/\/www.braavohotel.com\/wp-content\/uploads\/2022\/01\/DSC_4603-2vaiksem-768x513.jpg 768w\" sizes=\"auto, (max-width: 1000px) 100vw, 1000px\" \/><div class=\"wp-block-cover__inner-container is-layout-flow wp-block-cover-is-layout-flow\">\n<h1 class=\"wp-block-heading has-text-align-center\">Spa and sauna center<\/h1>\n\n\n\n<p><\/p>\n\n\n\n<div class=\"wp-block-buttons is-horizontal is-content-justification-center is-layout-flex wp-container-core-buttons-is-layout-499968f5 wp-block-buttons-is-layout-flex\">\n<div class=\"wp-block-button\"><a class=\"wp-block-button__link wp-element-button\" href=\"https:\/\/www.braavohotel.com\/en\/spaa-ja-saunakeskus\/\">Read more<\/a><\/div>\n<\/div>\n\n\n\n<p><\/p>\n<\/div><\/div>\n\n\n\n<p><\/p>\n<\/div>\n<\/div>\n\n\n\n<div class=\"wp-block-columns alignwide is-layout-flex wp-container-core-columns-is-layout-9d6595d7 wp-block-columns-is-layout-flex\">\n<div class=\"wp-block-column is-layout-flow wp-block-column-is-layout-flow\">\n<div class=\"wp-block-cover\"><span aria-hidden=\"true\" class=\"wp-block-cover__background has-background-dim\"><\/span><img loading=\"lazy\" decoding=\"async\" width=\"2560\" height=\"1709\" class=\"wp-block-cover__image-background wp-image-392\" alt=\"\" src=\"https:\/\/www.braavohotel.com\/wp-content\/uploads\/2022\/01\/loogastu3-scaled.jpg\" data-object-fit=\"cover\" srcset=\"https:\/\/www.braavohotel.com\/wp-content\/uploads\/2022\/01\/loogastu3-scaled.jpg 2560w, https:\/\/www.braavohotel.com\/wp-content\/uploads\/2022\/01\/loogastu3-300x200.jpg 300w, https:\/\/www.braavohotel.com\/wp-content\/uploads\/2022\/01\/loogastu3-1024x684.jpg 1024w, https:\/\/www.braavohotel.com\/wp-content\/uploads\/2022\/01\/loogastu3-768x513.jpg 768w, https:\/\/www.braavohotel.com\/wp-content\/uploads\/2022\/01\/loogastu3-1536x1025.jpg 1536w, https:\/\/www.braavohotel.com\/wp-content\/uploads\/2022\/01\/loogastu3-2048x1367.jpg 2048w, https:\/\/www.braavohotel.com\/wp-content\/uploads\/2022\/01\/loogastu3-1568x1047.jpg 1568w\" sizes=\"auto, (max-width: 2560px) 100vw, 2560px\" \/><div class=\"wp-block-cover__inner-container is-layout-flow wp-block-cover-is-layout-flow\">\n<h1 class=\"wp-block-heading has-text-align-center\">Packages<\/h1>\n\n\n\n<p><\/p>\n\n\n\n<div class=\"wp-block-buttons is-horizontal is-content-justification-center is-layout-flex wp-container-core-buttons-is-layout-499968f5 wp-block-buttons-is-layout-flex\">\n<div class=\"wp-block-button\"><a class=\"wp-block-button__link wp-element-button\" href=\"https:\/\/www.braavohotel.com\/en\/paketid\/\">Read more<\/a><\/div>\n<\/div>\n<\/div><\/div>\n<\/div>\n\n\n\n<div class=\"wp-block-column is-layout-flow wp-block-column-is-layout-flow\">\n<div class=\"wp-block-cover\"><span aria-hidden=\"true\" class=\"wp-block-cover__background has-background-dim\"><\/span><img loading=\"lazy\" decoding=\"async\" width=\"2500\" height=\"1667\" class=\"wp-block-cover__image-background wp-image-391\" alt=\"\" src=\"https:\/\/www.braavohotel.com\/wp-content\/uploads\/2022\/01\/GSM02246.jpg\" data-object-fit=\"cover\" srcset=\"https:\/\/www.braavohotel.com\/wp-content\/uploads\/2022\/01\/GSM02246.jpg 2500w, https:\/\/www.braavohotel.com\/wp-content\/uploads\/2022\/01\/GSM02246-300x200.jpg 300w, https:\/\/www.braavohotel.com\/wp-content\/uploads\/2022\/01\/GSM02246-1024x683.jpg 1024w, https:\/\/www.braavohotel.com\/wp-content\/uploads\/2022\/01\/GSM02246-768x512.jpg 768w, https:\/\/www.braavohotel.com\/wp-content\/uploads\/2022\/01\/GSM02246-1536x1024.jpg 1536w, https:\/\/www.braavohotel.com\/wp-content\/uploads\/2022\/01\/GSM02246-2048x1366.jpg 2048w, https:\/\/www.braavohotel.com\/wp-content\/uploads\/2022\/01\/GSM02246-1568x1046.jpg 1568w\" sizes=\"auto, (max-width: 2500px) 100vw, 2500px\" \/><div class=\"wp-block-cover__inner-container is-layout-flow wp-block-cover-is-layout-flow\">\n<h1 class=\"wp-block-heading has-text-align-center\">Sports center<\/h1>\n\n\n\n<p><\/p>\n\n\n\n<div class=\"wp-block-buttons is-horizontal is-content-justification-center is-layout-flex wp-container-core-buttons-is-layout-499968f5 wp-block-buttons-is-layout-flex\">\n<div class=\"wp-block-button\"><a class=\"wp-block-button__link wp-element-button\" href=\"https:\/\/www.braavohotel.com\/en\/spordikeskus\/\">Read more<\/a><\/div>\n<\/div>\n<\/div><\/div>\n<\/div>\n<\/div>\n\n\n\n<div class=\"wp-block-columns are-vertically-aligned-center is-layout-flex wp-container-core-columns-is-layout-9d6595d7 wp-block-columns-is-layout-flex\">\n<div class=\"wp-block-column is-vertically-aligned-center is-layout-flow wp-block-column-is-layout-flow\"><\/div>\n<\/div>\n\n\n\n<div class=\"wp-block-webfactory-map alignfull google-map-edhotels\"><div class=\"wp-block-webfactory-map\"><iframe loading=\"lazy\" width=\"100%\" height=\"517px\" src=\"https:\/\/www.google.com\/maps\/embed\/v1\/place?q=Braavo%20hotell&amp;maptype=roadmap&amp;zoom=16&amp;key=AIzaSyDu21TpfU-MuEwU2kFMxIuyEP8nP1tAj4I\" frameborder=\"0\"><\/iframe><\/div><\/div>\n","protected":false},"excerpt":{"rendered":"<p>Hotel Braavo, with its cozy and homely atmosphere, is located in the environmentally valuable Old Town of Tallinn. The rooms are located behind and inside the wall of the medieval city of Tallinn. The unique environment with a historical flair is intertwined with all modern conveniences, making your stay unforgettable and enjoyable. You are welcome [&hellip;]<\/p>\n","protected":false},"author":1,"featured_media":0,"parent":0,"menu_order":1,"comment_status":"closed","ping_status":"closed","template":"","meta":{"footnotes":""},"class_list":["post-902","page","type-page","status-publish","hentry"],"yoast_head":"<!-- This site is optimized with the Yoast SEO plugin v24.9 - https:\/\/yoast.com\/wordpress\/plugins\/seo\/ -->\n<title>MAIN PAGE - Braavo Hotel<\/title>\n<meta name=\"robots\" content=\"index, follow, max-snippet:-1, max-image-preview:large, max-video-preview:-1\" \/>\n<link rel=\"canonical\" href=\"https:\/\/www.braavohotel.com\/en\/\" \/>\n<meta property=\"og:locale\" content=\"en_US\" \/>\n<meta property=\"og:type\" content=\"article\" \/>\n<meta property=\"og:title\" content=\"MAIN PAGE - Braavo Hotel\" \/>\n<meta property=\"og:description\" content=\"Hotel Braavo, with its cozy and homely atmosphere, is located in the environmentally valuable Old Town of Tallinn. The rooms are located behind and inside the wall of the medieval city of Tallinn. The unique environment with a historical flair is intertwined with all modern conveniences, making your stay unforgettable and enjoyable. You are welcome [&hellip;]\" \/>\n<meta property=\"og:url\" content=\"https:\/\/www.braavohotel.com\/en\/\" \/>\n<meta property=\"og:site_name\" content=\"Braavo Hotel\" \/>\n<meta property=\"article:publisher\" content=\"https:\/\/www.facebook.com\/braavohotel\" \/>\n<meta property=\"article:modified_time\" content=\"2025-02-11T12:06:39+00:00\" \/>\n<meta property=\"og:image\" content=\"https:\/\/www.braavohotel.com\/wp-content\/uploads\/2022\/11\/IMG_3517-scaled.jpg\" \/>\n<meta name=\"twitter:card\" content=\"summary_large_image\" \/>\n<meta name=\"twitter:label1\" content=\"Est. reading time\" \/>\n\t<meta name=\"twitter:data1\" content=\"4 minutes\" \/>\n<script type=\"application\/ld+json\" class=\"yoast-schema-graph\">{\"@context\":\"https:\/\/schema.org\",\"@graph\":[{\"@type\":\"WebPage\",\"@id\":\"https:\/\/www.braavohotel.com\/en\/\",\"url\":\"https:\/\/www.braavohotel.com\/en\/\",\"name\":\"MAIN PAGE - Braavo Hotel\",\"isPartOf\":{\"@id\":\"https:\/\/www.braavohotel.com\/#website\"},\"primaryImageOfPage\":{\"@id\":\"https:\/\/www.braavohotel.com\/en\/#primaryimage\"},\"image\":{\"@id\":\"https:\/\/www.braavohotel.com\/en\/#primaryimage\"},\"thumbnailUrl\":\"https:\/\/www.braavohotel.com\/wp-content\/uploads\/2022\/11\/IMG_3517-scaled.jpg\",\"datePublished\":\"2021-11-30T12:56:46+00:00\",\"dateModified\":\"2025-02-11T12:06:39+00:00\",\"breadcrumb\":{\"@id\":\"https:\/\/www.braavohotel.com\/en\/#breadcrumb\"},\"inLanguage\":\"en-US\",\"potentialAction\":[{\"@type\":\"ReadAction\",\"target\":[\"https:\/\/www.braavohotel.com\/en\/\"]}]},{\"@type\":\"ImageObject\",\"inLanguage\":\"en-US\",\"@id\":\"https:\/\/www.braavohotel.com\/en\/#primaryimage\",\"url\":\"https:\/\/www.braavohotel.com\/wp-content\/uploads\/2022\/11\/IMG_3517-scaled.jpg\",\"contentUrl\":\"https:\/\/www.braavohotel.com\/wp-content\/uploads\/2022\/11\/IMG_3517-scaled.jpg\"},{\"@type\":\"BreadcrumbList\",\"@id\":\"https:\/\/www.braavohotel.com\/en\/#breadcrumb\",\"itemListElement\":[{\"@type\":\"ListItem\",\"position\":1,\"name\":\"Home\",\"item\":\"https:\/\/www.braavohotel.com\/en\/\"},{\"@type\":\"ListItem\",\"position\":2,\"name\":\"MAIN PAGE\"}]},{\"@type\":\"WebSite\",\"@id\":\"https:\/\/www.braavohotel.com\/#website\",\"url\":\"https:\/\/www.braavohotel.com\/\",\"name\":\"Braavo Hotel\",\"description\":\"Hotell Tallinna vanalinnas\",\"potentialAction\":[{\"@type\":\"SearchAction\",\"target\":{\"@type\":\"EntryPoint\",\"urlTemplate\":\"https:\/\/www.braavohotel.com\/?s={search_term_string}\"},\"query-input\":{\"@type\":\"PropertyValueSpecification\",\"valueRequired\":true,\"valueName\":\"search_term_string\"}}],\"inLanguage\":\"en-US\"}]}<\/script>\n<!-- \/ Yoast SEO plugin. -->","yoast_head_json":{"title":"MAIN PAGE - Braavo Hotel","robots":{"index":"index","follow":"follow","max-snippet":"max-snippet:-1","max-image-preview":"max-image-preview:large","max-video-preview":"max-video-preview:-1"},"canonical":"https:\/\/www.braavohotel.com\/en\/","og_locale":"en_US","og_type":"article","og_title":"MAIN PAGE - Braavo Hotel","og_description":"Hotel Braavo, with its cozy and homely atmosphere, is located in the environmentally valuable Old Town of Tallinn. The rooms are located behind and inside the wall of the medieval city of Tallinn. The unique environment with a historical flair is intertwined with all modern conveniences, making your stay unforgettable and enjoyable. You are welcome [&hellip;]","og_url":"https:\/\/www.braavohotel.com\/en\/","og_site_name":"Braavo Hotel","article_publisher":"https:\/\/www.facebook.com\/braavohotel","article_modified_time":"2025-02-11T12:06:39+00:00","og_image":[{"url":"https:\/\/www.braavohotel.com\/wp-content\/uploads\/2022\/11\/IMG_3517-scaled.jpg","type":"","width":"","height":""}],"twitter_card":"summary_large_image","twitter_misc":{"Est. reading time":"4 minutes"},"schema":{"@context":"https:\/\/schema.org","@graph":[{"@type":"WebPage","@id":"https:\/\/www.braavohotel.com\/en\/","url":"https:\/\/www.braavohotel.com\/en\/","name":"MAIN PAGE - Braavo Hotel","isPartOf":{"@id":"https:\/\/www.braavohotel.com\/#website"},"primaryImageOfPage":{"@id":"https:\/\/www.braavohotel.com\/en\/#primaryimage"},"image":{"@id":"https:\/\/www.braavohotel.com\/en\/#primaryimage"},"thumbnailUrl":"https:\/\/www.braavohotel.com\/wp-content\/uploads\/2022\/11\/IMG_3517-scaled.jpg","datePublished":"2021-11-30T12:56:46+00:00","dateModified":"2025-02-11T12:06:39+00:00","breadcrumb":{"@id":"https:\/\/www.braavohotel.com\/en\/#breadcrumb"},"inLanguage":"en-US","potentialAction":[{"@type":"ReadAction","target":["https:\/\/www.braavohotel.com\/en\/"]}]},{"@type":"ImageObject","inLanguage":"en-US","@id":"https:\/\/www.braavohotel.com\/en\/#primaryimage","url":"https:\/\/www.braavohotel.com\/wp-content\/uploads\/2022\/11\/IMG_3517-scaled.jpg","contentUrl":"https:\/\/www.braavohotel.com\/wp-content\/uploads\/2022\/11\/IMG_3517-scaled.jpg"},{"@type":"BreadcrumbList","@id":"https:\/\/www.braavohotel.com\/en\/#breadcrumb","itemListElement":[{"@type":"ListItem","position":1,"name":"Home","item":"https:\/\/www.braavohotel.com\/en\/"},{"@type":"ListItem","position":2,"name":"MAIN PAGE"}]},{"@type":"WebSite","@id":"https:\/\/www.braavohotel.com\/#website","url":"https:\/\/www.braavohotel.com\/","name":"Braavo Hotel","description":"Hotell Tallinna vanalinnas","potentialAction":[{"@type":"SearchAction","target":{"@type":"EntryPoint","urlTemplate":"https:\/\/www.braavohotel.com\/?s={search_term_string}"},"query-input":{"@type":"PropertyValueSpecification","valueRequired":true,"valueName":"search_term_string"}}],"inLanguage":"en-US"}]}},"_links":{"self":[{"href":"https:\/\/www.braavohotel.com\/en\/wp-json\/wp\/v2\/pages\/902","targetHints":{"allow":["GET"]}}],"collection":[{"href":"https:\/\/www.braavohotel.com\/en\/wp-json\/wp\/v2\/pages"}],"about":[{"href":"https:\/\/www.braavohotel.com\/en\/wp-json\/wp\/v2\/types\/page"}],"author":[{"embeddable":true,"href":"https:\/\/www.braavohotel.com\/en\/wp-json\/wp\/v2\/users\/1"}],"replies":[{"embeddable":true,"href":"https:\/\/www.braavohotel.com\/en\/wp-json\/wp\/v2\/comments?post=902"}],"version-history":[{"count":20,"href":"https:\/\/www.braavohotel.com\/en\/wp-json\/wp\/v2\/pages\/902\/revisions"}],"predecessor-version":[{"id":1942,"href":"https:\/\/www.braavohotel.com\/en\/wp-json\/wp\/v2\/pages\/902\/revisions\/1942"}],"wp:attachment":[{"href":"https:\/\/www.braavohotel.com\/en\/wp-json\/wp\/v2\/media?parent=902"}],"curies":[{"name":"wp","href":"https:\/\/api.w.org\/{rel}","templated":true}]}}