{"id":1304,"date":"2021-11-30T12:29:04","date_gmt":"2021-11-30T12:29:04","guid":{"rendered":"https:\/\/www.braavohotel.com\/andmekaitsetingimused\/"},"modified":"2022-11-29T10:46:01","modified_gmt":"2022-11-29T10:46:01","slug":"cookies-policy","status":"publish","type":"page","link":"https:\/\/www.braavohotel.com\/fi\/cookies-policy\/","title":{"rendered":"PRIVACY POLICY"},"content":{"rendered":"\n<div class=\"wp-block-cover alignfull\"><span aria-hidden=\"true\" class=\"wp-block-cover__gradient-background has-background-dim\"><\/span><img loading=\"lazy\" decoding=\"async\" width=\"1024\" height=\"683\" class=\"wp-block-cover__image-background wp-image-1253\" alt=\"\" src=\"https:\/\/www.braavohotel.com\/wp-content\/uploads\/2022\/11\/Kahene_nariga_8-3-1024x683.jpg\" data-object-fit=\"cover\" srcset=\"https:\/\/www.braavohotel.com\/wp-content\/uploads\/2022\/11\/Kahene_nariga_8-3-1024x683.jpg 1024w, https:\/\/www.braavohotel.com\/wp-content\/uploads\/2022\/11\/Kahene_nariga_8-3-300x200.jpg 300w, https:\/\/www.braavohotel.com\/wp-content\/uploads\/2022\/11\/Kahene_nariga_8-3-768x512.jpg 768w, https:\/\/www.braavohotel.com\/wp-content\/uploads\/2022\/11\/Kahene_nariga_8-3-1536x1024.jpg 1536w, https:\/\/www.braavohotel.com\/wp-content\/uploads\/2022\/11\/Kahene_nariga_8-3-2048x1365.jpg 2048w, https:\/\/www.braavohotel.com\/wp-content\/uploads\/2022\/11\/Kahene_nariga_8-3-1568x1045.jpg 1568w\" sizes=\"auto, (max-width: 1024px) 100vw, 1024px\" \/><div class=\"wp-block-cover__inner-container is-layout-flow wp-block-cover-is-layout-flow\">\n<p class=\"has-text-align-center has-white-color has-text-color has-large-font-size\"><a>HENKIL\u00d6TIETOJEN K\u00c4SITTELY\u00c4 KOSKEVAT JA EV\u00c4STEIDEN K\u00c4YT\u00d6N PERIAATTEET<\/a><\/p>\n<\/div><\/div>\n\n\n\n<div class=\"wp-block-columns alignwide is-layout-flex wp-container-core-columns-is-layout-9d6595d7 wp-block-columns-is-layout-flex\">\n<div class=\"wp-block-column is-layout-flow wp-block-column-is-layout-flow\">\n<div class=\"wp-block-columns is-layout-flex wp-container-core-columns-is-layout-9d6595d7 wp-block-columns-is-layout-flex\">\n<div class=\"wp-block-column is-layout-flow wp-block-column-is-layout-flow\">\n<h3 class=\"wp-block-heading\"><strong>1. Henkil\u00f6tietojen k\u00e4sittely\u00e4 koskevat periaatteet<\/strong><\/h3>\n\n\n\n<p>1.1. Henkil\u00f6tietojen k\u00e4sittely\u00e4 koskevat periaatteet ovat voimassa Braavo-hotelli verkkosivujen K\u00e4ytt\u00e4jille.<\/p>\n\n\n\n<p>Yrityksemme k\u00e4sittelee henkil\u00f6tietojasi ainoastaan palvelujen tarjoamisen (kokoustilan, kylpyl\u00e4hoidon tai p\u00f6yd\u00e4n varaamisen tai uutiskirjeen tilaamisen) yhteydess\u00e4. Emme luovuta, myy tai julkista henkil\u00f6tietojasi kolmansille osapuolille ilman etuk\u00e4teissuostumustasi, ellei lains\u00e4\u00e4d\u00e4nt\u00f6 toisin edellyt\u00e4.<\/p>\n\n\n\n<h4 class=\"wp-block-heading\">Tiedonkeruu<\/h4>\n\n\n\n<p>Kokoustilan\/kylpyl\u00e4palvelun tilauslomakkeen t\u00e4ytt\u00e4misen yhteydess\u00e4 ker\u00e4tyt tiedot<br>1.2. Kokoustilan\/kylpyl\u00e4palvelun Tilaajan tilauslomakkeissa esitt\u00e4m\u00e4t tiedot ovat joko pakollisia tai vapaaehtoisia.<br>1.3. Pakollisina tietoina Tilaajan on esitett\u00e4v\u00e4 seuraavat tiedot:<br>1.3.1. Koko nimi \u2015 tarvitaan varauksen k\u00e4sittelemiseen ja vahvistamiseen;<br>1.3.2. S\u00e4hk\u00f6postiosoite \u2015 tarvitaan varauksen k\u00e4sittelemiseen ja vahvistamiseen sek\u00e4 tarvittaessa laskun l\u00e4hett\u00e4miseen;<br>1.3.3. Puhelinnumero \u2015 tarvitaan varauksen k\u00e4sittelemiseen ja vahvistamiseen sek\u00e4 palvelujen tarjoamiseen, mukaan lukien palveluh\u00e4iri\u00f6ist\u00e4 ilmoittamiseen.<\/p>\n\n\n\n<h4 class=\"wp-block-heading\">Uutiskirjeen tilauksen yhteydess\u00e4 ker\u00e4tyt tiedot<\/h4>\n\n\n\n<p>1.4. Pakollisina tietoina Tilaajan on esitett\u00e4v\u00e4 seuraavat tiedot:<br>1.4.1. S\u00e4hk\u00f6postiosoite \u2013 tarvitaan uutiskirjeen tilaamiseen.<br>1.5. Tilaaja antaa suostumuksensa yhteystietojensa k\u00e4ytt\u00e4miseen suoramarkkinointitarkoituksessa, jolloin h\u00e4nelle l\u00e4hetet\u00e4\u00e4n markkinointiviestej\u00e4 h\u00e4nen ilmoittamiensa yhteystietojen kautta.<br>1.6. Tilaajalla on oikeus milloin tahansa peruuttaa suoramarkkinointiviestien vastaanottaminen. Ohjeet vastaanottamisen peruuttamiseen annetaan jokaisen viestin yhteydess\u00e4.<br>1.7. Vastaava asiakastietojen k\u00e4sittelij\u00e4 on Braavo-hotelli, osoite Aia 20, Tallinn 10111, Viro.<\/p>\n\n\n\n<h4 class=\"wp-block-heading\">Tietojen s\u00e4ilytt\u00e4misaika<\/h4>\n\n\n\n<p>1.11. Braavo-hotelli s\u00e4ilytt\u00e4\u00e4 tietoja niin kauan, kuin niit\u00e4 tarvitaan tietojen k\u00e4ytt\u00f6tarkoituksen saavuttamiseksi tai lakiin perustuvan vaateen vanhenemisaikaan saakka ja lakiin perustuvan asiakirjan s\u00e4ilytysajan p\u00e4\u00e4ttymiseen saakka (arvonlis\u00e4verolain ja kirjanpitolain mukaisesti 7 vuotta).<\/p>\n\n\n\n<h4 class=\"wp-block-heading\">Asiakkaan oikeudet tietojen k\u00e4ytt\u00f6\u00f6n liittyen<\/h4>\n\n\n\n<p>1.12. Tilaajalla on oikeus saada Braavo-hotelli tietoja itseens\u00e4 liittyvien tietojen k\u00e4yt\u00f6st\u00e4 laissa s\u00e4\u00e4detyll\u00e4 tavalla ja laajuudessa.<br>1.13. Tilaajalla on oikeus vaatia Braavo-hotelli omien tietojen k\u00e4yt\u00f6n lopettamista ja tietojen oikaisua, sulkemista ja poistamista.<br>1.14. Tilaajalla on oikeus suostua tai kielt\u00e4\u00e4 omien tietojensa k\u00e4ytt\u00f6 suoramarkkinointi- tai mainostarkoituksessa.<br>1.15. Tilaajalla on oikeus k\u00e4\u00e4nty\u00e4 oikeuksiensa puolustamiseksi tietosuojaviraston ja tuomioistuimen puoleen.<br>1.16. Henkil\u00f6tietoihin liittyviss\u00e4 asioissa sinulla on oikeus saada lis\u00e4tietoja s\u00e4hk\u00f6postitse osoitteesta <a href=\"mailto:braavo@braavohotel.com\">braavo@braavohotel.com<\/a> tai puhelimitse numerosta <a href=\"tel:+372 525 9382\">+372 525 9382<\/a>.<\/p>\n<\/div>\n<\/div>\n<\/div>\n\n\n\n<div class=\"wp-block-column is-layout-flow wp-block-column-is-layout-flow\">\n<p><br><strong>2. Ev\u00e4steiden k\u00e4yt\u00f6n periaatteet<\/strong><\/p>\n\n\n\n<h4 class=\"wp-block-heading\">Ev\u00e4steiden k\u00e4ytt\u00f6<\/h4>\n\n\n\n<p>2.1. K\u00e4ytt\u00e4jien parempaa palvelua varten k\u00e4ytt\u00e4v\u00e4t Braavo-hotell verkkosivut ev\u00e4steit\u00e4 eli cookies\u2019eja.<br>2.2. Braavo-hotell kuuluvat verkkotunnukset voivat sis\u00e4lt\u00e4\u00e4 mm. elementin, joka tallentaa ev\u00e4steet kolmansien henkil\u00f6iden nimiss\u00e4.<\/p>\n\n\n\n<h4 class=\"wp-block-heading\">Ev\u00e4steist\u00e4 kielt\u00e4ytyminen<\/h4>\n\n\n\n<p>2.3. K\u00e4ytt\u00e4j\u00e4ll\u00e4 on oikeus kielt\u00e4yty\u00e4 ev\u00e4steiden tallettamisesta tietokoneelleen. T\u00e4ss\u00e4 tapauksessa tilaajan on muutettava verkkoselaimensa asetuksia.<br>2.4. Erityyppiset verkkoselaimet k\u00e4ytt\u00e4v\u00e4t ev\u00e4steiden kielt\u00e4miseksi erilaisia menetelmi\u00e4. Tarkempaa tietoa l\u00f6ytyy verkkosivuilta <a href=\"http:\/\/www.allaboutcookies.org\/\" target=\"_blank\" rel=\"noreferrer noopener\">http:\/\/www.allaboutcookies.org\/<\/a>.<br>2.5. Ev\u00e4steet est\u00e4ess\u00e4\u00e4n on k\u00e4ytt\u00e4j\u00e4n otettava huomioon, ett\u00e4 kaikki verkkosivun toiminnot eiv\u00e4t sen j\u00e4lkeen ole v\u00e4ltt\u00e4m\u00e4tt\u00e4 en\u00e4\u00e4 k\u00e4ytt\u00e4j\u00e4n k\u00e4ytett\u00e4viss\u00e4.<\/p>\n\n\n\n<h4 class=\"wp-block-heading\">Mik\u00e4 on ev\u00e4ste eli cookie?<\/h4>\n\n\n\n<p>2.6. Ev\u00e4ste on tekstitiedosto, jonka l\u00e4hett\u00e4v\u00e4t ja tallentavat k\u00e4ytt\u00e4j\u00e4n tietokoneeseen verkkosivut, joilla k\u00e4ytt\u00e4j\u00e4 vierailee. Ev\u00e4ste tallennetaan k\u00e4ytt\u00e4j\u00e4n verkkoselaimen tiedostoluetteloon. Mik\u00e4li k\u00e4ytt\u00e4j\u00e4 on k\u00e4ynyt verkkosivuilla aiemmin, lukee verkkoselain ev\u00e4stett\u00e4 ja l\u00e4hett\u00e4\u00e4 vastaavan tiedon verkkosivulle tai elementille, joka ev\u00e4steen alun perin tallensi. Lis\u00e4tietoa ev\u00e4steist\u00e4 on saatavilla verkkosivuilla&nbsp;<a href=\"http:\/\/www.allaboutcookies.org\/\" target=\"_blank\" rel=\"noreferrer noopener\">http:\/\/www.allaboutcookies.org\/<\/a>.<br>2.7. Ev\u00e4steiden avulla voidaan seurata verkkosivujen k\u00e4ytt\u00f6tilastoja, otsikoiden suosiota ja muita verkkosivulla teht\u00e4vi\u00e4 toimenpiteit\u00e4. Ev\u00e4steist\u00e4 saatavia tietoja k\u00e4ytet\u00e4\u00e4n verkkosivujen k\u00e4ytt\u00f6mukavuuden ja sis\u00e4ll\u00f6n parantamiseksi.<\/p>\n\n\n\n<h4 class=\"wp-block-heading\">Verkkosivuilla k\u00e4ytett\u00e4vien ev\u00e4steiden tyyppej\u00e4<\/h4>\n\n\n\n<p>2.8. Pysyv\u00e4t ev\u00e4steet ovat hyvin t\u00e4rkeit\u00e4 verkkosivuilla liikkumista ja sen toimintojen k\u00e4ytt\u00e4mist\u00e4 varten. Pysyvien ev\u00e4steiden puuttuessa ei k\u00e4ytt\u00e4j\u00e4 voisi k\u00e4ytt\u00e4\u00e4 kaikkia verkkosivujen toimintoja.<br>2.9. Istuntokohtaiset ev\u00e4steet auttavat verkkosivua muistamaan k\u00e4ytt\u00e4j\u00e4n aiemmin tekem\u00e4t valinnat (esimerkiksi k\u00e4ytt\u00e4j\u00e4nimi, kielivalinta jne.) ja tarjoamaan sen avulla tehokkaampia ja henkil\u00f6kohtaisempia toimintoja.<br>2.10. Seurantaev\u00e4steet ker\u00e4\u00e4v\u00e4t tietoja k\u00e4ytt\u00e4j\u00e4n k\u00e4ytt\u00e4ytymisest\u00e4 verkkosivulla. Seurantaev\u00e4steest\u00e4 saatavilla tiedoilla autetaan parantamaan verkkosivujen k\u00e4ytt\u00f6mukavuutta.<\/p>\n<\/div>\n<\/div>\n","protected":false},"excerpt":{"rendered":"<p>1. Henkil\u00f6tietojen k\u00e4sittely\u00e4 koskevat periaatteet 1.1. Henkil\u00f6tietojen k\u00e4sittely\u00e4 koskevat periaatteet ovat voimassa Braavo-hotelli verkkosivujen K\u00e4ytt\u00e4jille. Yrityksemme k\u00e4sittelee henkil\u00f6tietojasi ainoastaan palvelujen tarjoamisen (kokoustilan, kylpyl\u00e4hoidon tai p\u00f6yd\u00e4n varaamisen tai uutiskirjeen tilaamisen) yhteydess\u00e4. Emme luovuta, myy tai julkista henkil\u00f6tietojasi kolmansille osapuolille ilman etuk\u00e4teissuostumustasi, ellei lains\u00e4\u00e4d\u00e4nt\u00f6 toisin edellyt\u00e4. Tiedonkeruu Kokoustilan\/kylpyl\u00e4palvelun tilauslomakkeen t\u00e4ytt\u00e4misen yhteydess\u00e4 ker\u00e4tyt tiedot1.2. Kokoustilan\/kylpyl\u00e4palvelun Tilaajan tilauslomakkeissa esitt\u00e4m\u00e4t [&hellip;]<\/p>\n","protected":false},"author":1,"featured_media":0,"parent":0,"menu_order":9,"comment_status":"closed","ping_status":"closed","template":"","meta":{"footnotes":""},"class_list":["post-1304","page","type-page","status-publish","hentry"],"yoast_head":"<!-- This site is optimized with the Yoast SEO plugin v24.9 - https:\/\/yoast.com\/wordpress\/plugins\/seo\/ -->\n<title>PRIVACY POLICY - Braavo Hotel<\/title>\n<meta name=\"robots\" content=\"index, follow, max-snippet:-1, max-image-preview:large, max-video-preview:-1\" \/>\n<link rel=\"canonical\" href=\"https:\/\/www.braavohotel.com\/fi\/cookies-policy\/\" \/>\n<meta property=\"og:locale\" content=\"fi_FI\" \/>\n<meta property=\"og:type\" content=\"article\" \/>\n<meta property=\"og:title\" content=\"PRIVACY POLICY - Braavo Hotel\" \/>\n<meta property=\"og:description\" content=\"1. Henkil\u00f6tietojen k\u00e4sittely\u00e4 koskevat periaatteet 1.1. Henkil\u00f6tietojen k\u00e4sittely\u00e4 koskevat periaatteet ovat voimassa Braavo-hotelli verkkosivujen K\u00e4ytt\u00e4jille. Yrityksemme k\u00e4sittelee henkil\u00f6tietojasi ainoastaan palvelujen tarjoamisen (kokoustilan, kylpyl\u00e4hoidon tai p\u00f6yd\u00e4n varaamisen tai uutiskirjeen tilaamisen) yhteydess\u00e4. Emme luovuta, myy tai julkista henkil\u00f6tietojasi kolmansille osapuolille ilman etuk\u00e4teissuostumustasi, ellei lains\u00e4\u00e4d\u00e4nt\u00f6 toisin edellyt\u00e4. Tiedonkeruu Kokoustilan\/kylpyl\u00e4palvelun tilauslomakkeen t\u00e4ytt\u00e4misen yhteydess\u00e4 ker\u00e4tyt tiedot1.2. Kokoustilan\/kylpyl\u00e4palvelun Tilaajan tilauslomakkeissa esitt\u00e4m\u00e4t [&hellip;]\" \/>\n<meta property=\"og:url\" content=\"https:\/\/www.braavohotel.com\/fi\/cookies-policy\/\" \/>\n<meta property=\"og:site_name\" content=\"Braavo Hotel\" \/>\n<meta property=\"article:publisher\" content=\"https:\/\/www.facebook.com\/braavohotel\" \/>\n<meta property=\"article:modified_time\" content=\"2022-11-29T10:46:01+00:00\" \/>\n<meta property=\"og:image\" content=\"https:\/\/www.braavohotel.com\/wp-content\/uploads\/2022\/11\/Kahene_nariga_8-3-1024x683.jpg\" \/>\n<meta name=\"twitter:card\" content=\"summary_large_image\" \/>\n<meta name=\"twitter:label1\" content=\"Arvioitu lukuaika\" \/>\n\t<meta name=\"twitter:data1\" content=\"3 minuuttia\" \/>\n<script type=\"application\/ld+json\" class=\"yoast-schema-graph\">{\"@context\":\"https:\/\/schema.org\",\"@graph\":[{\"@type\":\"WebPage\",\"@id\":\"https:\/\/www.braavohotel.com\/fi\/cookies-policy\/\",\"url\":\"https:\/\/www.braavohotel.com\/fi\/cookies-policy\/\",\"name\":\"PRIVACY POLICY - Braavo Hotel\",\"isPartOf\":{\"@id\":\"https:\/\/www.braavohotel.com\/#website\"},\"primaryImageOfPage\":{\"@id\":\"https:\/\/www.braavohotel.com\/fi\/cookies-policy\/#primaryimage\"},\"image\":{\"@id\":\"https:\/\/www.braavohotel.com\/fi\/cookies-policy\/#primaryimage\"},\"thumbnailUrl\":\"https:\/\/www.braavohotel.com\/wp-content\/uploads\/2022\/11\/Kahene_nariga_8-3-1024x683.jpg\",\"datePublished\":\"2021-11-30T12:29:04+00:00\",\"dateModified\":\"2022-11-29T10:46:01+00:00\",\"breadcrumb\":{\"@id\":\"https:\/\/www.braavohotel.com\/fi\/cookies-policy\/#breadcrumb\"},\"inLanguage\":\"fi\",\"potentialAction\":[{\"@type\":\"ReadAction\",\"target\":[\"https:\/\/www.braavohotel.com\/fi\/cookies-policy\/\"]}]},{\"@type\":\"ImageObject\",\"inLanguage\":\"fi\",\"@id\":\"https:\/\/www.braavohotel.com\/fi\/cookies-policy\/#primaryimage\",\"url\":\"https:\/\/www.braavohotel.com\/wp-content\/uploads\/2022\/11\/Kahene_nariga_8-3-1024x683.jpg\",\"contentUrl\":\"https:\/\/www.braavohotel.com\/wp-content\/uploads\/2022\/11\/Kahene_nariga_8-3-1024x683.jpg\"},{\"@type\":\"BreadcrumbList\",\"@id\":\"https:\/\/www.braavohotel.com\/fi\/cookies-policy\/#breadcrumb\",\"itemListElement\":[{\"@type\":\"ListItem\",\"position\":1,\"name\":\"Home\",\"item\":\"https:\/\/www.braavohotel.com\/fi\/\"},{\"@type\":\"ListItem\",\"position\":2,\"name\":\"PRIVACY POLICY\"}]},{\"@type\":\"WebSite\",\"@id\":\"https:\/\/www.braavohotel.com\/#website\",\"url\":\"https:\/\/www.braavohotel.com\/\",\"name\":\"Braavo Hotel\",\"description\":\"Hotell Tallinna vanalinnas\",\"potentialAction\":[{\"@type\":\"SearchAction\",\"target\":{\"@type\":\"EntryPoint\",\"urlTemplate\":\"https:\/\/www.braavohotel.com\/?s={search_term_string}\"},\"query-input\":{\"@type\":\"PropertyValueSpecification\",\"valueRequired\":true,\"valueName\":\"search_term_string\"}}],\"inLanguage\":\"fi\"}]}<\/script>\n<!-- \/ Yoast SEO plugin. -->","yoast_head_json":{"title":"PRIVACY POLICY - Braavo Hotel","robots":{"index":"index","follow":"follow","max-snippet":"max-snippet:-1","max-image-preview":"max-image-preview:large","max-video-preview":"max-video-preview:-1"},"canonical":"https:\/\/www.braavohotel.com\/fi\/cookies-policy\/","og_locale":"fi_FI","og_type":"article","og_title":"PRIVACY POLICY - Braavo Hotel","og_description":"1. Henkil\u00f6tietojen k\u00e4sittely\u00e4 koskevat periaatteet 1.1. Henkil\u00f6tietojen k\u00e4sittely\u00e4 koskevat periaatteet ovat voimassa Braavo-hotelli verkkosivujen K\u00e4ytt\u00e4jille. Yrityksemme k\u00e4sittelee henkil\u00f6tietojasi ainoastaan palvelujen tarjoamisen (kokoustilan, kylpyl\u00e4hoidon tai p\u00f6yd\u00e4n varaamisen tai uutiskirjeen tilaamisen) yhteydess\u00e4. Emme luovuta, myy tai julkista henkil\u00f6tietojasi kolmansille osapuolille ilman etuk\u00e4teissuostumustasi, ellei lains\u00e4\u00e4d\u00e4nt\u00f6 toisin edellyt\u00e4. Tiedonkeruu Kokoustilan\/kylpyl\u00e4palvelun tilauslomakkeen t\u00e4ytt\u00e4misen yhteydess\u00e4 ker\u00e4tyt tiedot1.2. Kokoustilan\/kylpyl\u00e4palvelun Tilaajan tilauslomakkeissa esitt\u00e4m\u00e4t [&hellip;]","og_url":"https:\/\/www.braavohotel.com\/fi\/cookies-policy\/","og_site_name":"Braavo Hotel","article_publisher":"https:\/\/www.facebook.com\/braavohotel","article_modified_time":"2022-11-29T10:46:01+00:00","og_image":[{"url":"https:\/\/www.braavohotel.com\/wp-content\/uploads\/2022\/11\/Kahene_nariga_8-3-1024x683.jpg","type":"","width":"","height":""}],"twitter_card":"summary_large_image","twitter_misc":{"Arvioitu lukuaika":"3 minuuttia"},"schema":{"@context":"https:\/\/schema.org","@graph":[{"@type":"WebPage","@id":"https:\/\/www.braavohotel.com\/fi\/cookies-policy\/","url":"https:\/\/www.braavohotel.com\/fi\/cookies-policy\/","name":"PRIVACY POLICY - Braavo Hotel","isPartOf":{"@id":"https:\/\/www.braavohotel.com\/#website"},"primaryImageOfPage":{"@id":"https:\/\/www.braavohotel.com\/fi\/cookies-policy\/#primaryimage"},"image":{"@id":"https:\/\/www.braavohotel.com\/fi\/cookies-policy\/#primaryimage"},"thumbnailUrl":"https:\/\/www.braavohotel.com\/wp-content\/uploads\/2022\/11\/Kahene_nariga_8-3-1024x683.jpg","datePublished":"2021-11-30T12:29:04+00:00","dateModified":"2022-11-29T10:46:01+00:00","breadcrumb":{"@id":"https:\/\/www.braavohotel.com\/fi\/cookies-policy\/#breadcrumb"},"inLanguage":"fi","potentialAction":[{"@type":"ReadAction","target":["https:\/\/www.braavohotel.com\/fi\/cookies-policy\/"]}]},{"@type":"ImageObject","inLanguage":"fi","@id":"https:\/\/www.braavohotel.com\/fi\/cookies-policy\/#primaryimage","url":"https:\/\/www.braavohotel.com\/wp-content\/uploads\/2022\/11\/Kahene_nariga_8-3-1024x683.jpg","contentUrl":"https:\/\/www.braavohotel.com\/wp-content\/uploads\/2022\/11\/Kahene_nariga_8-3-1024x683.jpg"},{"@type":"BreadcrumbList","@id":"https:\/\/www.braavohotel.com\/fi\/cookies-policy\/#breadcrumb","itemListElement":[{"@type":"ListItem","position":1,"name":"Home","item":"https:\/\/www.braavohotel.com\/fi\/"},{"@type":"ListItem","position":2,"name":"PRIVACY POLICY"}]},{"@type":"WebSite","@id":"https:\/\/www.braavohotel.com\/#website","url":"https:\/\/www.braavohotel.com\/","name":"Braavo Hotel","description":"Hotell Tallinna vanalinnas","potentialAction":[{"@type":"SearchAction","target":{"@type":"EntryPoint","urlTemplate":"https:\/\/www.braavohotel.com\/?s={search_term_string}"},"query-input":{"@type":"PropertyValueSpecification","valueRequired":true,"valueName":"search_term_string"}}],"inLanguage":"fi"}]}},"_links":{"self":[{"href":"https:\/\/www.braavohotel.com\/fi\/wp-json\/wp\/v2\/pages\/1304","targetHints":{"allow":["GET"]}}],"collection":[{"href":"https:\/\/www.braavohotel.com\/fi\/wp-json\/wp\/v2\/pages"}],"about":[{"href":"https:\/\/www.braavohotel.com\/fi\/wp-json\/wp\/v2\/types\/page"}],"author":[{"embeddable":true,"href":"https:\/\/www.braavohotel.com\/fi\/wp-json\/wp\/v2\/users\/1"}],"replies":[{"embeddable":true,"href":"https:\/\/www.braavohotel.com\/fi\/wp-json\/wp\/v2\/comments?post=1304"}],"version-history":[{"count":4,"href":"https:\/\/www.braavohotel.com\/fi\/wp-json\/wp\/v2\/pages\/1304\/revisions"}],"predecessor-version":[{"id":1318,"href":"https:\/\/www.braavohotel.com\/fi\/wp-json\/wp\/v2\/pages\/1304\/revisions\/1318"}],"wp:attachment":[{"href":"https:\/\/www.braavohotel.com\/fi\/wp-json\/wp\/v2\/media?parent=1304"}],"curies":[{"name":"wp","href":"https:\/\/api.w.org\/{rel}","templated":true}]}}