{"id":874,"date":"2021-12-22T08:40:35","date_gmt":"2021-12-22T08:40:35","guid":{"rendered":"https:\/\/www.braavohotel.com\/sisekorraeeskirjad\/"},"modified":"2022-11-30T07:41:41","modified_gmt":"2022-11-30T07:41:41","slug":"sisekorraeeskirjad","status":"publish","type":"page","link":"https:\/\/www.braavohotel.com\/fi\/sisekorraeeskirjad\/","title":{"rendered":"J\u00c4RJESTYSS\u00c4\u00c4NN\u00d6T"},"content":{"rendered":"\n<div class=\"wp-block-cover alignfull is-light\" style=\"min-height:400px;aspect-ratio:unset;\"><span aria-hidden=\"true\" class=\"has-background-dim-10 wp-block-cover__gradient-background has-background-dim\"><\/span><img loading=\"lazy\" decoding=\"async\" width=\"2048\" height=\"2560\" class=\"wp-block-cover__image-background wp-image-320\" alt=\"\" src=\"https:\/\/www.braavohotel.com\/wp-content\/uploads\/2022\/01\/Braavo_veekeskus_4-scaled.jpg\" data-object-fit=\"cover\" srcset=\"https:\/\/www.braavohotel.com\/wp-content\/uploads\/2022\/01\/Braavo_veekeskus_4-scaled.jpg 2048w, https:\/\/www.braavohotel.com\/wp-content\/uploads\/2022\/01\/Braavo_veekeskus_4-240x300.jpg 240w, https:\/\/www.braavohotel.com\/wp-content\/uploads\/2022\/01\/Braavo_veekeskus_4-819x1024.jpg 819w, https:\/\/www.braavohotel.com\/wp-content\/uploads\/2022\/01\/Braavo_veekeskus_4-768x960.jpg 768w, https:\/\/www.braavohotel.com\/wp-content\/uploads\/2022\/01\/Braavo_veekeskus_4-1229x1536.jpg 1229w, https:\/\/www.braavohotel.com\/wp-content\/uploads\/2022\/01\/Braavo_veekeskus_4-1639x2048.jpg 1639w, https:\/\/www.braavohotel.com\/wp-content\/uploads\/2022\/01\/Braavo_veekeskus_4-1568x1960.jpg 1568w\" sizes=\"auto, (max-width: 2048px) 100vw, 2048px\" \/><div class=\"wp-block-cover__inner-container is-layout-flow wp-block-cover-is-layout-flow\">\n<p class=\"has-text-align-center has-white-color has-text-color has-large-font-size\">J\u00e4rjestyss\u00e4\u00e4nn\u00f6t<\/p>\n<\/div><\/div>\n\n\n\n<div class=\"wp-block-columns is-layout-flex wp-container-core-columns-is-layout-9d6595d7 wp-block-columns-is-layout-flex\">\n<div class=\"wp-block-column is-layout-flow wp-block-column-is-layout-flow\">\n<p class=\"has-text-align-center\"><\/p>\n<\/div>\n<\/div>\n\n\n\n<div style=\"height:14px\" aria-hidden=\"true\" class=\"wp-block-spacer\"><\/div>\n\n\n\n<div class=\"wp-block-columns are-vertically-aligned-center is-layout-flex wp-container-core-columns-is-layout-9d6595d7 wp-block-columns-is-layout-flex\">\n<div class=\"wp-block-column is-vertically-aligned-center is-layout-flow wp-block-column-is-layout-flow\">\n<p class=\"has-text-align-center\"><strong>Liikuntakeskus on avoinna joka p\u00e4iv\u00e4 kello 06.00\u201322.00.<\/strong><\/p>\n<\/div>\n\n\n\n<div class=\"wp-block-column is-vertically-aligned-center is-layout-flow wp-block-column-is-layout-flow\">\n<p class=\"has-text-align-center\"><strong>Vesikeskus on avoinna joka p\u00e4iv\u00e4 kello        06.00\u201322.00.<\/strong><\/p>\n<\/div>\n<\/div>\n\n\n\n<div style=\"height:14px\" aria-hidden=\"true\" class=\"wp-block-spacer\"><\/div>\n\n\n\n<div class=\"wp-block-columns alignfull is-layout-flex wp-container-core-columns-is-layout-9d6595d7 wp-block-columns-is-layout-flex\">\n<div class=\"wp-block-column is-layout-flow wp-block-column-is-layout-flow\">\n<p>&#8211; Kuntosali suljetaan puoli tuntia ennen keskuksen sulkemista. Vesikeskukseen myyd\u00e4\u00e4n lippuja klo 21.00 asti.<br>&#8211; Ryhm\u00e4treeneihin vaaditaan ennakkoilmoittautuminen.<br>&#8211; Pid\u00e4 liikuntakeskuksen tilat siistein\u00e4 ja puhtaina.<br>&#8211; K\u00e4yt\u00e4 vaihtojalkineita liikuntakeskuksen tiloissa.<br>&#8211; Kuntosalilla ei saa olla paljain jaloin tai paljaalla yl\u00e4vartalolla.<br>&#8211; Tupakointi ja alkoholin nauttiminen liikuntakeskuksen tiloissa on kielletty.<br>&#8211; Kuntosalilla ja ryhm\u00e4treeniss\u00e4 harjoituspaikka tulee laittaa kuntoon harjoituksen j\u00e4lkeen..<br>&#8211; Treenipyyhkeen k\u00e4ytt\u00f6 on pakollista treenien aikana.<br>&#8211; Nyrkkeilysalissa nyrkkeilyvarusteisiin ei saa iske\u00e4 paljain k\u00e4sin.<br>&#8211; Liikuntakeskus ei vastaa harjoitusten aikana saaduista vammoista.<br>&#8211; Liikuntakeskus ei vastaa harjoitusprosessiin osallistujien terveydentilasta.<br>&#8211; Treeneihin osallistuvien urheilijoiden, jotka eiv\u00e4t ole urheiluseuran j\u00e4seni\u00e4, tulee esitt\u00e4\u00e4 henkil\u00f6llisyystodistus.<br>&#8211; Liikuntakeskus ei vastaa pukuhuoneeseen j\u00e4tetyist\u00e4 arvoesineist\u00e4 ja henkil\u00f6kohtaisista tavaroista.<br>&#8211; Liikuntakeskuksella on oikeus muuttaa aukioloaikoja poikkeustapauksissa.<br>&#8211; Vesikeskuksen k\u00e4ytt\u00e4j\u00e4t saavat vastaanottohenkil\u00f6lt\u00e4 pyyhkeen ja rannekkeen. Rannekkeella p\u00e4\u00e4see sek\u00e4 vesikeskukseen sis\u00e4\u00e4n ett\u00e4 sielt\u00e4 ulos.<br>&#8211; Ranneketta vastaanottaessaan kaikki vesikeskuksen asiakkaat vahvistavat, ett\u00e4 heill\u00e4 on riitt\u00e4v\u00e4t fyysiset valmiudet, taidot ja terveydentila palvelujen k\u00e4ytt\u00f6\u00f6n.<br>&#8211; Lasten taidoista ja terveydentilasta vastaavat aikuiset saattajat.<br>&#8211; Alle 14-vuotiaat lapset voivat k\u00e4ytt\u00e4\u00e4 uima-allasta vain aikuisen (yli 18-vuotiaan) seurassa.<br>&#8211; Ennen uima-altaan k\u00e4ytt\u00f6\u00e4 on peseydytt\u00e4v\u00e4 ilman uimapukua.<br>&#8211; Kaikkien uimarien, mukaan lukien vauvat, on k\u00e4ytett\u00e4v\u00e4 uimapukuja. Vesikeskuksen k\u00e4ytt\u00f6 shortseissa ja alusvaatteissa on kielletty.<\/p>\n\n\n\n<p><br><br><\/p>\n<\/div>\n\n\n\n<div class=\"wp-block-column is-layout-flow wp-block-column-is-layout-flow\">\n<p>&#8211; Pitk\u00e4t hiukset on peitett\u00e4v\u00e4 uimalakilla tai sidottava kiinni.<br>&#8211; Lasten uimakursseilla uimalakin k\u00e4ytt\u00f6 on pakollista.<br>&#8211; Jos sinulla on kysytt\u00e4v\u00e4\u00e4 tai ongelmia, ota yhteytt\u00e4 vastaanottoon.<br>&#8211; Vesikeskuksessa tulee liikkua rauhallisesti, m\u00e4r\u00e4ll\u00e4 lattialla juokseminen vaarantaa oman ja muiden terveytt\u00e4.<br>&#8211; Talossa liikkuessasi seuraa kylttej\u00e4 ja opasteita.<br>&#8211; \u00c4l\u00e4 h\u00e4iritse ryhm\u00e4treenej\u00e4 ja -tunteja, \u00e4l\u00e4 ui n\u00e4iss\u00e4 altaissa. Uintiradoilla noudatetaan oikeanpuoleista liikennett\u00e4.<br>&#8211; Peseydy suihkussa ennen saunaan menoa.<br>&#8211; Saunan lauteilla istuessasi laita pyyhe alustaksi.<br>&#8211; K\u00e4yt\u00e4 h\u00f6yrysaunassa l\u00f6ylyn heitt\u00e4miseen vain kuumaa vett\u00e4. Heit\u00e4 l\u00f6yly\u00e4 kuiville kiville ja kohtuullisessa m\u00e4\u00e4rin, muut saunojat huomioiden.. <br>&#8211; Asiakkaan on korvattava rikkomansa esineet Hotelli Braavon hinnaston tai kyseisen esineen todellisten korjauskustannusten mukaan.<br>&#8211; Rannekkeella on mahdollista k\u00e4ytt\u00e4\u00e4 vesikeskuksessa sijaitsevan kahvilan palveluita. Ao. palveluista maksetaan kassalla vesikeskuksesta poistuessaan.<br>&#8211; Omien alkoholijuomien nauttiminen vesikeskuksessa ja pukuhuoneissa on kielletty. Sakko 100 euroa.<br>&#8211; Vesi- ja liikuntakeskuksen henkil\u00f6kunnalla on oikeus ev\u00e4t\u00e4 sis\u00e4\u00e4np\u00e4\u00e4sy p\u00e4ihtyneilt\u00e4 henkil\u00f6ilt\u00e4<\/p>\n\n\n\n<p>Vesikeskuksessa:<br>&#8211; ei saa juosta, koska m\u00e4rk\u00e4 lattia voi olla liukas<br>&#8211; ei saa tupakoida<br>&#8211; ei saa hyp\u00e4t\u00e4 veteen altaan sivuilta, koska on vaara liukastua<\/p>\n\n\n\n<p><br>J\u00e4rjestyss\u00e4\u00e4nn\u00f6t on hyv\u00e4ksytty liikuntaseuran hallituksen p\u00f6yt\u00e4kirjalla 20.12.2021. P\u00e4ivitetty 10.4.2022.<\/p>\n<\/div>\n<\/div>\n\n\n\n<div class=\"wp-block-columns is-layout-flex wp-container-core-columns-is-layout-9d6595d7 wp-block-columns-is-layout-flex\">\n<div class=\"wp-block-column is-layout-flow wp-block-column-is-layout-flow\">\n<p class=\"has-text-align-center\">&#8211; Hotellin asiakkaiden tulee noudattaa hotellin j\u00e4rjestyss\u00e4\u00e4nt\u00f6j\u00e4.<br>&#8211; Hotellin asiakkaiden tulee t\u00e4ytt\u00e4\u00e4 rekister\u00f6intikortti internetiss\u00e4 tai hotelliin saapuessaan.<br>&#8211; Majoituksesta on maksettava ennakkoon sis\u00e4\u00e4nkirjautumisen yhteydess\u00e4.<br>&#8211; Vastaanottohenkil\u00f6ll\u00e4 on oikeus pyyt\u00e4\u00e4 luottokorttitietoja ja henkil\u00f6todistusta.<br>&#8211; Majoittuvan asiakkaan vieraiden tulee ilmoittautua hotellin vastaanotossa tai internetiss\u00e4. Vieraiden tulee poistua asiakkaan huoneesta viimeist\u00e4\u00e4n klo 23.00. S\u00e4\u00e4nn\u00f6n rikkomisesta sakotetaan 150 euroa.<br>&#8211; Huoneissa (mukaan lukien kylpyhuone) tupakointi on ehdottomasti kielletty. S\u00e4\u00e4nn\u00f6n rikkomisesta sakotetaan 50 euroa.<br>&#8211; Hotellivieraiden on kohdeltava hotellin omaisuutta huolellisesti. Rikotut huonekalut ym. esineet on korvattava hankinta-arvoon mukaan.<br>&#8211; Pys\u00e4k\u00f6inti on maksullista.<br>&#8211; Lemmikkiel\u00e4imet eiv\u00e4t ole sallittuja.<\/p>\n<\/div>\n<\/div>\n","protected":false},"excerpt":{"rendered":"<p>Liikuntakeskus on avoinna joka p\u00e4iv\u00e4 kello 06.00\u201322.00. Vesikeskus on avoinna joka p\u00e4iv\u00e4 kello 06.00\u201322.00. &#8211; Kuntosali suljetaan puoli tuntia ennen keskuksen sulkemista. Vesikeskukseen myyd\u00e4\u00e4n lippuja klo 21.00 asti.&#8211; Ryhm\u00e4treeneihin vaaditaan ennakkoilmoittautuminen.&#8211; Pid\u00e4 liikuntakeskuksen tilat siistein\u00e4 ja puhtaina.&#8211; K\u00e4yt\u00e4 vaihtojalkineita liikuntakeskuksen tiloissa.&#8211; Kuntosalilla ei saa olla paljain jaloin tai paljaalla yl\u00e4vartalolla.&#8211; Tupakointi ja alkoholin nauttiminen liikuntakeskuksen [&hellip;]<\/p>\n","protected":false},"author":2,"featured_media":0,"parent":0,"menu_order":6,"comment_status":"closed","ping_status":"closed","template":"","meta":{"footnotes":""},"class_list":["post-874","page","type-page","status-publish","hentry"],"yoast_head":"<!-- This site is optimized with the Yoast SEO plugin v24.9 - https:\/\/yoast.com\/wordpress\/plugins\/seo\/ -->\n<title>J\u00c4RJESTYSS\u00c4\u00c4NN\u00d6T - Braavo Hotel<\/title>\n<meta name=\"robots\" content=\"index, follow, max-snippet:-1, max-image-preview:large, max-video-preview:-1\" \/>\n<link rel=\"canonical\" href=\"https:\/\/www.braavohotel.com\/fi\/sisekorraeeskirjad\/\" \/>\n<meta property=\"og:locale\" content=\"fi_FI\" \/>\n<meta property=\"og:type\" content=\"article\" \/>\n<meta property=\"og:title\" content=\"J\u00c4RJESTYSS\u00c4\u00c4NN\u00d6T - Braavo Hotel\" \/>\n<meta property=\"og:description\" content=\"Liikuntakeskus on avoinna joka p\u00e4iv\u00e4 kello 06.00\u201322.00. Vesikeskus on avoinna joka p\u00e4iv\u00e4 kello 06.00\u201322.00. &#8211; Kuntosali suljetaan puoli tuntia ennen keskuksen sulkemista. Vesikeskukseen myyd\u00e4\u00e4n lippuja klo 21.00 asti.&#8211; Ryhm\u00e4treeneihin vaaditaan ennakkoilmoittautuminen.&#8211; Pid\u00e4 liikuntakeskuksen tilat siistein\u00e4 ja puhtaina.&#8211; K\u00e4yt\u00e4 vaihtojalkineita liikuntakeskuksen tiloissa.&#8211; Kuntosalilla ei saa olla paljain jaloin tai paljaalla yl\u00e4vartalolla.&#8211; Tupakointi ja alkoholin nauttiminen liikuntakeskuksen [&hellip;]\" \/>\n<meta property=\"og:url\" content=\"https:\/\/www.braavohotel.com\/fi\/sisekorraeeskirjad\/\" \/>\n<meta property=\"og:site_name\" content=\"Braavo Hotel\" \/>\n<meta property=\"article:publisher\" content=\"https:\/\/www.facebook.com\/braavohotel\" \/>\n<meta property=\"article:modified_time\" content=\"2022-11-30T07:41:41+00:00\" \/>\n<meta property=\"og:image\" content=\"https:\/\/www.braavohotel.com\/wp-content\/uploads\/2022\/01\/Braavo_veekeskus_4-scaled.jpg\" \/>\n<meta name=\"twitter:card\" content=\"summary_large_image\" \/>\n<meta name=\"twitter:label1\" content=\"Arvioitu lukuaika\" \/>\n\t<meta name=\"twitter:data1\" content=\"3 minuuttia\" \/>\n<script type=\"application\/ld+json\" class=\"yoast-schema-graph\">{\"@context\":\"https:\/\/schema.org\",\"@graph\":[{\"@type\":\"WebPage\",\"@id\":\"https:\/\/www.braavohotel.com\/fi\/sisekorraeeskirjad\/\",\"url\":\"https:\/\/www.braavohotel.com\/fi\/sisekorraeeskirjad\/\",\"name\":\"J\u00c4RJESTYSS\u00c4\u00c4NN\u00d6T - Braavo Hotel\",\"isPartOf\":{\"@id\":\"https:\/\/www.braavohotel.com\/#website\"},\"primaryImageOfPage\":{\"@id\":\"https:\/\/www.braavohotel.com\/fi\/sisekorraeeskirjad\/#primaryimage\"},\"image\":{\"@id\":\"https:\/\/www.braavohotel.com\/fi\/sisekorraeeskirjad\/#primaryimage\"},\"thumbnailUrl\":\"https:\/\/www.braavohotel.com\/wp-content\/uploads\/2022\/01\/Braavo_veekeskus_4-scaled.jpg\",\"datePublished\":\"2021-12-22T08:40:35+00:00\",\"dateModified\":\"2022-11-30T07:41:41+00:00\",\"breadcrumb\":{\"@id\":\"https:\/\/www.braavohotel.com\/fi\/sisekorraeeskirjad\/#breadcrumb\"},\"inLanguage\":\"fi\",\"potentialAction\":[{\"@type\":\"ReadAction\",\"target\":[\"https:\/\/www.braavohotel.com\/fi\/sisekorraeeskirjad\/\"]}]},{\"@type\":\"ImageObject\",\"inLanguage\":\"fi\",\"@id\":\"https:\/\/www.braavohotel.com\/fi\/sisekorraeeskirjad\/#primaryimage\",\"url\":\"https:\/\/www.braavohotel.com\/wp-content\/uploads\/2022\/01\/Braavo_veekeskus_4-scaled.jpg\",\"contentUrl\":\"https:\/\/www.braavohotel.com\/wp-content\/uploads\/2022\/01\/Braavo_veekeskus_4-scaled.jpg\"},{\"@type\":\"BreadcrumbList\",\"@id\":\"https:\/\/www.braavohotel.com\/fi\/sisekorraeeskirjad\/#breadcrumb\",\"itemListElement\":[{\"@type\":\"ListItem\",\"position\":1,\"name\":\"Home\",\"item\":\"https:\/\/www.braavohotel.com\/fi\/\"},{\"@type\":\"ListItem\",\"position\":2,\"name\":\"J\u00c4RJESTYSS\u00c4\u00c4NN\u00d6T\"}]},{\"@type\":\"WebSite\",\"@id\":\"https:\/\/www.braavohotel.com\/#website\",\"url\":\"https:\/\/www.braavohotel.com\/\",\"name\":\"Braavo Hotel\",\"description\":\"Hotell Tallinna vanalinnas\",\"potentialAction\":[{\"@type\":\"SearchAction\",\"target\":{\"@type\":\"EntryPoint\",\"urlTemplate\":\"https:\/\/www.braavohotel.com\/?s={search_term_string}\"},\"query-input\":{\"@type\":\"PropertyValueSpecification\",\"valueRequired\":true,\"valueName\":\"search_term_string\"}}],\"inLanguage\":\"fi\"}]}<\/script>\n<!-- \/ Yoast SEO plugin. -->","yoast_head_json":{"title":"J\u00c4RJESTYSS\u00c4\u00c4NN\u00d6T - Braavo Hotel","robots":{"index":"index","follow":"follow","max-snippet":"max-snippet:-1","max-image-preview":"max-image-preview:large","max-video-preview":"max-video-preview:-1"},"canonical":"https:\/\/www.braavohotel.com\/fi\/sisekorraeeskirjad\/","og_locale":"fi_FI","og_type":"article","og_title":"J\u00c4RJESTYSS\u00c4\u00c4NN\u00d6T - Braavo Hotel","og_description":"Liikuntakeskus on avoinna joka p\u00e4iv\u00e4 kello 06.00\u201322.00. Vesikeskus on avoinna joka p\u00e4iv\u00e4 kello 06.00\u201322.00. &#8211; Kuntosali suljetaan puoli tuntia ennen keskuksen sulkemista. Vesikeskukseen myyd\u00e4\u00e4n lippuja klo 21.00 asti.&#8211; Ryhm\u00e4treeneihin vaaditaan ennakkoilmoittautuminen.&#8211; Pid\u00e4 liikuntakeskuksen tilat siistein\u00e4 ja puhtaina.&#8211; K\u00e4yt\u00e4 vaihtojalkineita liikuntakeskuksen tiloissa.&#8211; Kuntosalilla ei saa olla paljain jaloin tai paljaalla yl\u00e4vartalolla.&#8211; Tupakointi ja alkoholin nauttiminen liikuntakeskuksen [&hellip;]","og_url":"https:\/\/www.braavohotel.com\/fi\/sisekorraeeskirjad\/","og_site_name":"Braavo Hotel","article_publisher":"https:\/\/www.facebook.com\/braavohotel","article_modified_time":"2022-11-30T07:41:41+00:00","og_image":[{"url":"https:\/\/www.braavohotel.com\/wp-content\/uploads\/2022\/01\/Braavo_veekeskus_4-scaled.jpg","type":"","width":"","height":""}],"twitter_card":"summary_large_image","twitter_misc":{"Arvioitu lukuaika":"3 minuuttia"},"schema":{"@context":"https:\/\/schema.org","@graph":[{"@type":"WebPage","@id":"https:\/\/www.braavohotel.com\/fi\/sisekorraeeskirjad\/","url":"https:\/\/www.braavohotel.com\/fi\/sisekorraeeskirjad\/","name":"J\u00c4RJESTYSS\u00c4\u00c4NN\u00d6T - Braavo Hotel","isPartOf":{"@id":"https:\/\/www.braavohotel.com\/#website"},"primaryImageOfPage":{"@id":"https:\/\/www.braavohotel.com\/fi\/sisekorraeeskirjad\/#primaryimage"},"image":{"@id":"https:\/\/www.braavohotel.com\/fi\/sisekorraeeskirjad\/#primaryimage"},"thumbnailUrl":"https:\/\/www.braavohotel.com\/wp-content\/uploads\/2022\/01\/Braavo_veekeskus_4-scaled.jpg","datePublished":"2021-12-22T08:40:35+00:00","dateModified":"2022-11-30T07:41:41+00:00","breadcrumb":{"@id":"https:\/\/www.braavohotel.com\/fi\/sisekorraeeskirjad\/#breadcrumb"},"inLanguage":"fi","potentialAction":[{"@type":"ReadAction","target":["https:\/\/www.braavohotel.com\/fi\/sisekorraeeskirjad\/"]}]},{"@type":"ImageObject","inLanguage":"fi","@id":"https:\/\/www.braavohotel.com\/fi\/sisekorraeeskirjad\/#primaryimage","url":"https:\/\/www.braavohotel.com\/wp-content\/uploads\/2022\/01\/Braavo_veekeskus_4-scaled.jpg","contentUrl":"https:\/\/www.braavohotel.com\/wp-content\/uploads\/2022\/01\/Braavo_veekeskus_4-scaled.jpg"},{"@type":"BreadcrumbList","@id":"https:\/\/www.braavohotel.com\/fi\/sisekorraeeskirjad\/#breadcrumb","itemListElement":[{"@type":"ListItem","position":1,"name":"Home","item":"https:\/\/www.braavohotel.com\/fi\/"},{"@type":"ListItem","position":2,"name":"J\u00c4RJESTYSS\u00c4\u00c4NN\u00d6T"}]},{"@type":"WebSite","@id":"https:\/\/www.braavohotel.com\/#website","url":"https:\/\/www.braavohotel.com\/","name":"Braavo Hotel","description":"Hotell Tallinna vanalinnas","potentialAction":[{"@type":"SearchAction","target":{"@type":"EntryPoint","urlTemplate":"https:\/\/www.braavohotel.com\/?s={search_term_string}"},"query-input":{"@type":"PropertyValueSpecification","valueRequired":true,"valueName":"search_term_string"}}],"inLanguage":"fi"}]}},"_links":{"self":[{"href":"https:\/\/www.braavohotel.com\/fi\/wp-json\/wp\/v2\/pages\/874","targetHints":{"allow":["GET"]}}],"collection":[{"href":"https:\/\/www.braavohotel.com\/fi\/wp-json\/wp\/v2\/pages"}],"about":[{"href":"https:\/\/www.braavohotel.com\/fi\/wp-json\/wp\/v2\/types\/page"}],"author":[{"embeddable":true,"href":"https:\/\/www.braavohotel.com\/fi\/wp-json\/wp\/v2\/users\/2"}],"replies":[{"embeddable":true,"href":"https:\/\/www.braavohotel.com\/fi\/wp-json\/wp\/v2\/comments?post=874"}],"version-history":[{"count":5,"href":"https:\/\/www.braavohotel.com\/fi\/wp-json\/wp\/v2\/pages\/874\/revisions"}],"predecessor-version":[{"id":1346,"href":"https:\/\/www.braavohotel.com\/fi\/wp-json\/wp\/v2\/pages\/874\/revisions\/1346"}],"wp:attachment":[{"href":"https:\/\/www.braavohotel.com\/fi\/wp-json\/wp\/v2\/media?parent=874"}],"curies":[{"name":"wp","href":"https:\/\/api.w.org\/{rel}","templated":true}]}}