{"id":894,"date":"2021-12-21T14:54:21","date_gmt":"2021-12-21T14:54:21","guid":{"rendered":"https:\/\/www.braavohotel.com\/kontakt\/"},"modified":"2023-06-06T12:24:10","modified_gmt":"2023-06-06T12:24:10","slug":"kontakt","status":"publish","type":"page","link":"https:\/\/www.braavohotel.com\/fi\/kontakt\/","title":{"rendered":"YHTEYSTIEDOT"},"content":{"rendered":"\n<div class=\"wp-block-cover alignfull is-light\" style=\"min-height:400px;aspect-ratio:unset;\"><span aria-hidden=\"true\" class=\"wp-block-cover__gradient-background has-background-dim\"><\/span><img loading=\"lazy\" decoding=\"async\" width=\"2560\" height=\"1707\" class=\"wp-block-cover__image-background wp-image-183\" alt=\"\" src=\"https:\/\/www.braavohotel.com\/wp-content\/uploads\/2021\/12\/JV6A5414-scaled.jpg\" data-object-fit=\"cover\" srcset=\"https:\/\/www.braavohotel.com\/wp-content\/uploads\/2021\/12\/JV6A5414-scaled.jpg 2560w, https:\/\/www.braavohotel.com\/wp-content\/uploads\/2021\/12\/JV6A5414-300x200.jpg 300w, https:\/\/www.braavohotel.com\/wp-content\/uploads\/2021\/12\/JV6A5414-1024x683.jpg 1024w, https:\/\/www.braavohotel.com\/wp-content\/uploads\/2021\/12\/JV6A5414-768x512.jpg 768w, https:\/\/www.braavohotel.com\/wp-content\/uploads\/2021\/12\/JV6A5414-1536x1024.jpg 1536w, https:\/\/www.braavohotel.com\/wp-content\/uploads\/2021\/12\/JV6A5414-2048x1365.jpg 2048w, https:\/\/www.braavohotel.com\/wp-content\/uploads\/2021\/12\/JV6A5414-1568x1045.jpg 1568w\" sizes=\"auto, (max-width: 2560px) 100vw, 2560px\" \/><div class=\"wp-block-cover__inner-container is-layout-flow wp-block-cover-is-layout-flow\">\n<h1 class=\"has-text-align-center has-white-color has-text-color has-large-font-size wp-block-heading\">YHTEYSTIEDOT<\/h1>\n\n\n\n<h2 class=\"has-text-align-center has-white-color has-text-color wp-block-heading\"><\/h2>\n<\/div><\/div>\n\n\n\n<div style=\"height:14px\" aria-hidden=\"true\" class=\"wp-block-spacer\"><\/div>\n\n\n\n<div class=\"wp-block-columns is-layout-flex wp-container-core-columns-is-layout-9d6595d7 wp-block-columns-is-layout-flex\">\n<div class=\"wp-block-column is-layout-flow wp-block-column-is-layout-flow\">\n<p class=\"has-text-align-center\">Viihtyis\u00e4n ja kodikkaan tunnelman tarjoava Braavo-hotelli sijaitsee Tallinnan ymp\u00e4rist\u00f6arvokkaassa vanhassakaupungissa.<\/p>\n<\/div>\n<\/div>\n\n\n\n<div style=\"height:14px\" aria-hidden=\"true\" class=\"wp-block-spacer\"><\/div>\n\n\n\n<div class=\"wp-block-columns is-layout-flex wp-container-core-columns-is-layout-9d6595d7 wp-block-columns-is-layout-flex\">\n<div class=\"wp-block-column is-layout-flow wp-block-column-is-layout-flow\">\n<p class=\"has-text-align-center\">Aia 20, Tallinn 10111<\/p>\n\n\n\n<p class=\"has-text-align-center\">Reval-Spordi Teeninduse O\u00dc<br>Rekisterinumero 10111427<\/p>\n\n\n\n<p class=\"has-text-align-center\">Tilitiedot<\/p>\n\n\n\n<p class=\"has-text-align-center\">Swedbank: EE062200221032120135 <\/p>\n\n\n\n<p class=\"has-text-align-center\">SWIFT koodi: HABAEE2X<\/p>\n<\/div>\n\n\n\n<div class=\"wp-block-column is-layout-flow wp-block-column-is-layout-flow\">\n<p class=\"has-text-align-center\">Vastaanotto:<br>+372 6999 777<br>Ma-Su 07:00-23:00<br><a href=\"mailto:braavo@braavohotel.com\">braavo@braavohotel.com<\/a><br>Toimisto:<br><a href=\"tel:+372 525 9382\">+372 525 9382<\/a><br>Ma-Pe 08:00-17:00<br><a href=\"mailto:ivar@braavohotel.com\" target=\"_blank\" rel=\"noreferrer noopener\">ivar@braavohotel.com<\/a><\/p>\n\n\n\n<p class=\"has-text-align-center\"><a href=\"https:\/\/www.facebook.com\/braavohotel\" target=\"_blank\" rel=\"noreferrer noopener\">FACEBOOK<\/a><br><br><\/p>\n<\/div>\n<\/div>\n\n\n\n<div class=\"wp-block-webfactory-map alignfull google-map-edhotels\"><div class=\"wp-block-webfactory-map\"><iframe loading=\"lazy\" width=\"100%\" height=\"517px\" src=\"https:\/\/www.google.com\/maps\/embed\/v1\/place?q=braavo&amp;maptype=roadmap&amp;zoom=16&amp;key=AIzaSyDu21TpfU-MuEwU2kFMxIuyEP8nP1tAj4I\" frameborder=\"0\"><\/iframe><\/div><\/div>\n","protected":false},"excerpt":{"rendered":"<p>Viihtyis\u00e4n ja kodikkaan tunnelman tarjoava Braavo-hotelli sijaitsee Tallinnan ymp\u00e4rist\u00f6arvokkaassa vanhassakaupungissa. Aia 20, Tallinn 10111 Reval-Spordi Teeninduse O\u00dcRekisterinumero 10111427 Tilitiedot Swedbank: EE062200221032120135 SWIFT koodi: HABAEE2X Vastaanotto:+372 6999 777Ma-Su 07:00-23:00braavo@braavohotel.comToimisto:+372 525 9382Ma-Pe 08:00-17:00ivar@braavohotel.com FACEBOOK<\/p>\n","protected":false},"author":2,"featured_media":0,"parent":0,"menu_order":6,"comment_status":"closed","ping_status":"closed","template":"","meta":{"footnotes":""},"class_list":["post-894","page","type-page","status-publish","hentry"],"yoast_head":"<!-- This site is optimized with the Yoast SEO plugin v24.9 - https:\/\/yoast.com\/wordpress\/plugins\/seo\/ -->\n<title>YHTEYSTIEDOT - Braavo Hotel<\/title>\n<meta name=\"robots\" content=\"index, follow, max-snippet:-1, max-image-preview:large, max-video-preview:-1\" \/>\n<link rel=\"canonical\" href=\"https:\/\/www.braavohotel.com\/fi\/kontakt\/\" \/>\n<meta property=\"og:locale\" content=\"fi_FI\" \/>\n<meta property=\"og:type\" content=\"article\" \/>\n<meta property=\"og:title\" content=\"YHTEYSTIEDOT - Braavo Hotel\" \/>\n<meta property=\"og:description\" content=\"Viihtyis\u00e4n ja kodikkaan tunnelman tarjoava Braavo-hotelli sijaitsee Tallinnan ymp\u00e4rist\u00f6arvokkaassa vanhassakaupungissa. Aia 20, Tallinn 10111 Reval-Spordi Teeninduse O\u00dcRekisterinumero 10111427 Tilitiedot Swedbank: EE062200221032120135 SWIFT koodi: HABAEE2X Vastaanotto:+372 6999 777Ma-Su 07:00-23:00braavo@braavohotel.comToimisto:+372 525 9382Ma-Pe 08:00-17:00ivar@braavohotel.com FACEBOOK\" \/>\n<meta property=\"og:url\" content=\"https:\/\/www.braavohotel.com\/fi\/kontakt\/\" \/>\n<meta property=\"og:site_name\" content=\"Braavo Hotel\" \/>\n<meta property=\"article:publisher\" content=\"https:\/\/www.facebook.com\/braavohotel\" \/>\n<meta property=\"article:modified_time\" content=\"2023-06-06T12:24:10+00:00\" \/>\n<meta property=\"og:image\" content=\"https:\/\/www.braavohotel.com\/wp-content\/uploads\/2021\/12\/JV6A5414-scaled.jpg\" \/>\n<meta name=\"twitter:card\" content=\"summary_large_image\" \/>\n<meta name=\"twitter:label1\" content=\"Arvioitu lukuaika\" \/>\n\t<meta name=\"twitter:data1\" content=\"1 minuutti\" \/>\n<script type=\"application\/ld+json\" class=\"yoast-schema-graph\">{\"@context\":\"https:\/\/schema.org\",\"@graph\":[{\"@type\":\"WebPage\",\"@id\":\"https:\/\/www.braavohotel.com\/fi\/kontakt\/\",\"url\":\"https:\/\/www.braavohotel.com\/fi\/kontakt\/\",\"name\":\"YHTEYSTIEDOT - Braavo Hotel\",\"isPartOf\":{\"@id\":\"https:\/\/www.braavohotel.com\/#website\"},\"primaryImageOfPage\":{\"@id\":\"https:\/\/www.braavohotel.com\/fi\/kontakt\/#primaryimage\"},\"image\":{\"@id\":\"https:\/\/www.braavohotel.com\/fi\/kontakt\/#primaryimage\"},\"thumbnailUrl\":\"https:\/\/www.braavohotel.com\/wp-content\/uploads\/2021\/12\/JV6A5414-scaled.jpg\",\"datePublished\":\"2021-12-21T14:54:21+00:00\",\"dateModified\":\"2023-06-06T12:24:10+00:00\",\"breadcrumb\":{\"@id\":\"https:\/\/www.braavohotel.com\/fi\/kontakt\/#breadcrumb\"},\"inLanguage\":\"fi\",\"potentialAction\":[{\"@type\":\"ReadAction\",\"target\":[\"https:\/\/www.braavohotel.com\/fi\/kontakt\/\"]}]},{\"@type\":\"ImageObject\",\"inLanguage\":\"fi\",\"@id\":\"https:\/\/www.braavohotel.com\/fi\/kontakt\/#primaryimage\",\"url\":\"https:\/\/www.braavohotel.com\/wp-content\/uploads\/2021\/12\/JV6A5414-scaled.jpg\",\"contentUrl\":\"https:\/\/www.braavohotel.com\/wp-content\/uploads\/2021\/12\/JV6A5414-scaled.jpg\"},{\"@type\":\"BreadcrumbList\",\"@id\":\"https:\/\/www.braavohotel.com\/fi\/kontakt\/#breadcrumb\",\"itemListElement\":[{\"@type\":\"ListItem\",\"position\":1,\"name\":\"Home\",\"item\":\"https:\/\/www.braavohotel.com\/fi\/\"},{\"@type\":\"ListItem\",\"position\":2,\"name\":\"YHTEYSTIEDOT\"}]},{\"@type\":\"WebSite\",\"@id\":\"https:\/\/www.braavohotel.com\/#website\",\"url\":\"https:\/\/www.braavohotel.com\/\",\"name\":\"Braavo Hotel\",\"description\":\"Hotell Tallinna vanalinnas\",\"potentialAction\":[{\"@type\":\"SearchAction\",\"target\":{\"@type\":\"EntryPoint\",\"urlTemplate\":\"https:\/\/www.braavohotel.com\/?s={search_term_string}\"},\"query-input\":{\"@type\":\"PropertyValueSpecification\",\"valueRequired\":true,\"valueName\":\"search_term_string\"}}],\"inLanguage\":\"fi\"}]}<\/script>\n<!-- \/ Yoast SEO plugin. -->","yoast_head_json":{"title":"YHTEYSTIEDOT - Braavo Hotel","robots":{"index":"index","follow":"follow","max-snippet":"max-snippet:-1","max-image-preview":"max-image-preview:large","max-video-preview":"max-video-preview:-1"},"canonical":"https:\/\/www.braavohotel.com\/fi\/kontakt\/","og_locale":"fi_FI","og_type":"article","og_title":"YHTEYSTIEDOT - Braavo Hotel","og_description":"Viihtyis\u00e4n ja kodikkaan tunnelman tarjoava Braavo-hotelli sijaitsee Tallinnan ymp\u00e4rist\u00f6arvokkaassa vanhassakaupungissa. Aia 20, Tallinn 10111 Reval-Spordi Teeninduse O\u00dcRekisterinumero 10111427 Tilitiedot Swedbank: EE062200221032120135 SWIFT koodi: HABAEE2X Vastaanotto:+372 6999 777Ma-Su 07:00-23:00braavo@braavohotel.comToimisto:+372 525 9382Ma-Pe 08:00-17:00ivar@braavohotel.com FACEBOOK","og_url":"https:\/\/www.braavohotel.com\/fi\/kontakt\/","og_site_name":"Braavo Hotel","article_publisher":"https:\/\/www.facebook.com\/braavohotel","article_modified_time":"2023-06-06T12:24:10+00:00","og_image":[{"url":"https:\/\/www.braavohotel.com\/wp-content\/uploads\/2021\/12\/JV6A5414-scaled.jpg","type":"","width":"","height":""}],"twitter_card":"summary_large_image","twitter_misc":{"Arvioitu lukuaika":"1 minuutti"},"schema":{"@context":"https:\/\/schema.org","@graph":[{"@type":"WebPage","@id":"https:\/\/www.braavohotel.com\/fi\/kontakt\/","url":"https:\/\/www.braavohotel.com\/fi\/kontakt\/","name":"YHTEYSTIEDOT - Braavo Hotel","isPartOf":{"@id":"https:\/\/www.braavohotel.com\/#website"},"primaryImageOfPage":{"@id":"https:\/\/www.braavohotel.com\/fi\/kontakt\/#primaryimage"},"image":{"@id":"https:\/\/www.braavohotel.com\/fi\/kontakt\/#primaryimage"},"thumbnailUrl":"https:\/\/www.braavohotel.com\/wp-content\/uploads\/2021\/12\/JV6A5414-scaled.jpg","datePublished":"2021-12-21T14:54:21+00:00","dateModified":"2023-06-06T12:24:10+00:00","breadcrumb":{"@id":"https:\/\/www.braavohotel.com\/fi\/kontakt\/#breadcrumb"},"inLanguage":"fi","potentialAction":[{"@type":"ReadAction","target":["https:\/\/www.braavohotel.com\/fi\/kontakt\/"]}]},{"@type":"ImageObject","inLanguage":"fi","@id":"https:\/\/www.braavohotel.com\/fi\/kontakt\/#primaryimage","url":"https:\/\/www.braavohotel.com\/wp-content\/uploads\/2021\/12\/JV6A5414-scaled.jpg","contentUrl":"https:\/\/www.braavohotel.com\/wp-content\/uploads\/2021\/12\/JV6A5414-scaled.jpg"},{"@type":"BreadcrumbList","@id":"https:\/\/www.braavohotel.com\/fi\/kontakt\/#breadcrumb","itemListElement":[{"@type":"ListItem","position":1,"name":"Home","item":"https:\/\/www.braavohotel.com\/fi\/"},{"@type":"ListItem","position":2,"name":"YHTEYSTIEDOT"}]},{"@type":"WebSite","@id":"https:\/\/www.braavohotel.com\/#website","url":"https:\/\/www.braavohotel.com\/","name":"Braavo Hotel","description":"Hotell Tallinna vanalinnas","potentialAction":[{"@type":"SearchAction","target":{"@type":"EntryPoint","urlTemplate":"https:\/\/www.braavohotel.com\/?s={search_term_string}"},"query-input":{"@type":"PropertyValueSpecification","valueRequired":true,"valueName":"search_term_string"}}],"inLanguage":"fi"}]}},"_links":{"self":[{"href":"https:\/\/www.braavohotel.com\/fi\/wp-json\/wp\/v2\/pages\/894","targetHints":{"allow":["GET"]}}],"collection":[{"href":"https:\/\/www.braavohotel.com\/fi\/wp-json\/wp\/v2\/pages"}],"about":[{"href":"https:\/\/www.braavohotel.com\/fi\/wp-json\/wp\/v2\/types\/page"}],"author":[{"embeddable":true,"href":"https:\/\/www.braavohotel.com\/fi\/wp-json\/wp\/v2\/users\/2"}],"replies":[{"embeddable":true,"href":"https:\/\/www.braavohotel.com\/fi\/wp-json\/wp\/v2\/comments?post=894"}],"version-history":[{"count":11,"href":"https:\/\/www.braavohotel.com\/fi\/wp-json\/wp\/v2\/pages\/894\/revisions"}],"predecessor-version":[{"id":1763,"href":"https:\/\/www.braavohotel.com\/fi\/wp-json\/wp\/v2\/pages\/894\/revisions\/1763"}],"wp:attachment":[{"href":"https:\/\/www.braavohotel.com\/fi\/wp-json\/wp\/v2\/media?parent=894"}],"curies":[{"name":"wp","href":"https:\/\/api.w.org\/{rel}","templated":true}]}}