{"id":903,"date":"2021-11-30T12:56:46","date_gmt":"2021-11-30T12:56:46","guid":{"rendered":"https:\/\/www.braavohotel.com\/avaleht\/"},"modified":"2025-02-11T12:07:22","modified_gmt":"2025-02-11T12:07:22","slug":"avaleht","status":"publish","type":"page","link":"https:\/\/www.braavohotel.com\/fi\/","title":{"rendered":"ETUSIVU"},"content":{"rendered":"\n<div class=\"wp-block-edhotels-plugin-edhotels-slider alignfull has-full-height intro-style-3\" style=\"min-height:300px\"><div data-hash=\"rvzff0s1ez\" data-effect=\"fade\" data-loop=\"false\" class=\"swiper-container swiper-intro swiper-intro-rvzff0s1ez\"><div class=\"swiper-wrapper\">\n<div class=\"wp-block-edhotels-plugin-edhotels-slide swiper-slide scalable-img\"><img decoding=\"async\" class=\"intro-image\" src=\"https:\/\/www.braavohotel.com\/wp-content\/uploads\/2022\/11\/IMG_3517-scaled.jpg\" alt=\"\" style=\"object-position:50% 50%\"\/><div class=\"intro-style-3-inner\">\n<h1 class=\"wp-block-heading has-text-align-center has-white-color has-text-color\">IHANTEELLINEN SIJAINTI<\/h1>\n\n\n\n<p class=\"has-text-align-center has-white-color has-text-color has-large-font-size\">k\u00e4velymatkan p\u00e4\u00e4ss\u00e4 vanhasta kaupungista<\/p>\n<\/div><\/div>\n\n\n\n<div class=\"wp-block-edhotels-plugin-edhotels-slide swiper-slide scalable-img\"><img decoding=\"async\" class=\"intro-image\" src=\"https:\/\/www.braavohotel.com\/wp-content\/uploads\/2022\/11\/IMG_3532-scaled.jpg\" alt=\"\" style=\"object-position:50% 50%\"\/><div class=\"intro-style-3-inner\">\n<h1 class=\"wp-block-heading has-text-align-center has-white-color has-text-color\">BRAAVO HOTEL<\/h1>\n\n\n\n<p class=\"has-text-align-center has-white-color has-text-color has-large-font-size\">viihtyis\u00e4 hotelli, jossa on kodikas tunnelma<\/p>\n<\/div><\/div>\n\n\n\n<div class=\"wp-block-edhotels-plugin-edhotels-slide swiper-slide scalable-img\"><img decoding=\"async\" class=\"intro-image\" src=\"https:\/\/www.braavohotel.com\/wp-content\/uploads\/2022\/01\/DSC_4332-scaled.jpg\" alt=\"\" style=\"object-position:50% 50%\"\/><div class=\"intro-style-3-inner\">\n<h1 class=\"wp-block-heading has-text-align-center has-white-color has-text-color\">VESIKESKUKSESTA<\/h1>\n\n\n\n<p class=\"has-text-align-center has-white-color has-text-color\"> l\u00f6yd\u00e4t 9 erilaista uima-allasta<\/p>\n<\/div><\/div>\n\n\n\n<div class=\"wp-block-edhotels-plugin-edhotels-slide swiper-slide scalable-img\"><img decoding=\"async\" class=\"intro-image\" src=\"https:\/\/www.braavohotel.com\/wp-content\/uploads\/2022\/03\/Braavo_spa_hele.jpg\" alt=\"\" style=\"object-position:50% 50%\"\/><div class=\"intro-style-3-inner\">\n<h1 class=\"wp-block-heading has-text-align-center has-white-color has-text-color\">SAUNA ELAMYKSI\u00c4<\/h1>\n\n\n\n<p class=\"has-text-align-center has-white-color has-text-color\">h\u00f6yry- ja japanilaisesta saunasta<\/p>\n<\/div><\/div>\n\n\n\n<div class=\"wp-block-edhotels-plugin-edhotels-slide swiper-slide scalable-img\"><img decoding=\"async\" class=\"intro-image\" src=\"https:\/\/www.braavohotel.com\/wp-content\/uploads\/2022\/01\/DSF6320-1.jpg\" alt=\"\" style=\"object-position:50% 50%\"\/><div class=\"intro-style-3-inner\">\n<h1 class=\"wp-block-heading has-text-align-center has-white-color has-text-color\">TERVE SIELU TERVEESS\u00c4 RUUMISSA <\/h1>\n\n\n\n<p class=\"has-text-align-center has-white-color has-text-color\">Tallinnan suurin liikuntakeskus<\/p>\n<\/div><\/div>\n\n\n\n<div class=\"wp-block-edhotels-plugin-edhotels-slide swiper-slide scalable-img\"><img decoding=\"async\" class=\"intro-image\" src=\"https:\/\/www.braavohotel.com\/wp-content\/uploads\/2025\/02\/475960321_9387334368021013_6217286017661177494_n.jpg\" alt=\"\" style=\"object-position:38% 39%\"\/><div class=\"intro-style-3-inner\">\n<h1 class=\"wp-block-heading has-text-align-center has-white-color has-text-color\">TERVEELLINEN RUOKA<\/h1>\n\n\n\n<p class=\"has-text-align-center has-white-color has-text-color\">antaa energiaa<\/p>\n<\/div><\/div>\n\n\n\n<div class=\"wp-block-edhotels-plugin-edhotels-slide swiper-slide scalable-img\"><img decoding=\"async\" class=\"intro-image\" src=\"https:\/\/www.braavohotel.com\/wp-content\/uploads\/2022\/11\/IMG_3626-scaled.jpg\" alt=\"\" style=\"object-position:50% 50%\"\/><div class=\"intro-style-3-inner\">\n<h1 class=\"wp-block-heading has-text-align-center has-white-color has-text-color\">HYV\u00c4 UNI<\/h1>\n\n\n\n<p class=\"has-text-align-center has-white-color has-text-color\">tilavassa ja viihtyis\u00e4ss\u00e4 huoneessa aivan Tallinnan vanhassa kaupungissa<\/p>\n<\/div><\/div>\n<\/div><\/div><div class=\"swiper-button-next swiper-button-white normal-slider-next-rvzff0s1ez\"><\/div><div class=\"swiper-button-prev swiper-button-white normal-slider-prev-rvzff0s1ez\"><\/div><\/div>\n\n\n\n<div style=\"height:10px\" aria-hidden=\"true\" class=\"wp-block-spacer\"><\/div>\n\n\n        <div class=\"booking subpage\">\n        <div class=\"booking-content clearfix\">\n            <div class=\"booking-block\">\n                <span>Tulo<\/span>\n                <input type=\"text\" id=\"checkin\" class=\"datepicker\" title=\"Arrival\">\n                <span class=\"checkin-month\"><\/span>\n            <\/div>\n            <div class=\"booking-block\">\n                <span>L\u00e4hto<\/span>\n                <input type=\"text\" id=\"checkout\" class=\"datepicker\" title=\"Departure\">\n                <span class=\"checkout-month\"><\/span>\n            <\/div>\n            <div class=\"booking-block noborder\">\n                <span>kuinka monta<\/span>\n                <input type=\"text\" id=\"adults\" class=\"people\" value=\"1\" title=\"How many persons?\">\n                <span>vierasta<\/span>\n            <\/div>\n            <a href=\"https:\/\/bouk.io\/booking\/braavo\/366\/rooms?language=fi&#038;adults=2\" class=\"btn btn-dark booking-button booking-block noborder\">Etsi<\/a>\n        <\/div>\n    <\/div> <!-- #booking -->    \n        \n\n\n<div class=\"wp-block-columns are-vertically-aligned-center is-layout-flex wp-container-core-columns-is-layout-9d6595d7 wp-block-columns-is-layout-flex\">\n<div class=\"wp-block-column is-vertically-aligned-center is-layout-flow wp-block-column-is-layout-flow\">\n<div class=\"wp-block-columns alignwide are-vertically-aligned-center is-layout-flex wp-container-core-columns-is-layout-9d6595d7 wp-block-columns-is-layout-flex\">\n<div class=\"wp-block-column is-vertically-aligned-center is-layout-flow wp-block-column-is-layout-flow\">\n<p class=\"has-text-align-center\"> Viihtyis\u00e4n ja kodikkaan tunnelman tarjoava Braavo-hotelli sijaitsee Tallinnan ymp\u00e4rist\u00f6arvokkaassa vanhassakaupungissa. Hotellihuoneet sijaitsevat Tallinnan keskiaikaisen kaupunginmuurin takana ja osittain sen sis\u00e4ll\u00e4. Ainutlaatuiseen historiaa huokuvaan ymp\u00e4rist\u00f6\u00f6n on sovitettu kaikki nykyajan mukavuudet, mik\u00e4 tekee vierailustasi unohtumattoman ja nautinnollisen.<br><br>Olipa vierailusi tavoite mik\u00e4 tahansa \u2013 Braavo-hotelli t\u00e4ytt\u00e4\u00e4 aina odotuksesi. Arjen kiireist\u00e4 voit rentoutua spa-kylpyl\u00e4ss\u00e4 tai vesikeskuksen kuudessa erilaisessa saunassa. Aktiivisen el\u00e4m\u00e4ntyylin vaalijoita ja jokap\u00e4iv\u00e4isist\u00e4 treeneist\u00e4 tykk\u00e4\u00e4ji\u00e4 odottaa Tallinnan suurin ja parhaiten varusteltu kuntosali. <\/p>\n<\/div>\n<\/div>\n<\/div>\n<\/div>\n\n\n\n<div style=\"height:10px\" aria-hidden=\"true\" class=\"wp-block-spacer\"><\/div>\n\n\n\n<div class=\"wp-block-columns alignwide is-layout-flex wp-container-core-columns-is-layout-9d6595d7 wp-block-columns-is-layout-flex\">\n<div class=\"wp-block-column is-layout-flow wp-block-column-is-layout-flow\">\n<div class=\"wp-block-cover is-light\"><span aria-hidden=\"true\" class=\"wp-block-cover__background has-background-dim\"><\/span><img loading=\"lazy\" decoding=\"async\" width=\"1024\" height=\"683\" class=\"wp-block-cover__image-background wp-image-32\" alt=\"\" src=\"https:\/\/www.braavohotel.com\/wp-content\/uploads\/2021\/12\/JV6A5442-1024x683.jpg\" data-object-fit=\"cover\" srcset=\"https:\/\/www.braavohotel.com\/wp-content\/uploads\/2021\/12\/JV6A5442-1024x683.jpg 1024w, https:\/\/www.braavohotel.com\/wp-content\/uploads\/2021\/12\/JV6A5442-300x200.jpg 300w, https:\/\/www.braavohotel.com\/wp-content\/uploads\/2021\/12\/JV6A5442-768x512.jpg 768w, https:\/\/www.braavohotel.com\/wp-content\/uploads\/2021\/12\/JV6A5442-1536x1024.jpg 1536w, https:\/\/www.braavohotel.com\/wp-content\/uploads\/2021\/12\/JV6A5442-2048x1365.jpg 2048w, https:\/\/www.braavohotel.com\/wp-content\/uploads\/2021\/12\/JV6A5442-1568x1045.jpg 1568w\" sizes=\"auto, (max-width: 1024px) 100vw, 1024px\" \/><div class=\"wp-block-cover__inner-container is-layout-flow wp-block-cover-is-layout-flow\">\n<h1 class=\"wp-block-heading has-text-align-center has-white-color has-text-color\">Hotelli<\/h1>\n\n\n\n<p><\/p>\n\n\n\n<div class=\"wp-block-buttons is-horizontal is-content-justification-center is-layout-flex wp-container-core-buttons-is-layout-499968f5 wp-block-buttons-is-layout-flex\"><\/div>\n\n\n\n<div class=\"wp-block-buttons is-horizontal is-content-justification-center is-layout-flex wp-container-core-buttons-is-layout-499968f5 wp-block-buttons-is-layout-flex\">\n<div class=\"wp-block-button\"><a class=\"wp-block-button__link wp-element-button\" href=\"https:\/\/www.braavohotel.com\/fi\/hotell\/\">Lue lis\u00e4\u00e4<\/a><\/div>\n<\/div>\n<\/div><\/div>\n<\/div>\n\n\n\n<div class=\"wp-block-column is-layout-flow wp-block-column-is-layout-flow\">\n<div class=\"wp-block-cover\"><span aria-hidden=\"true\" class=\"wp-block-cover__background has-background-dim\"><\/span><img loading=\"lazy\" decoding=\"async\" width=\"1000\" height=\"668\" class=\"wp-block-cover__image-background wp-image-389\" alt=\"\" src=\"https:\/\/www.braavohotel.com\/wp-content\/uploads\/2022\/01\/DSC_4603-2vaiksem.jpg\" data-object-fit=\"cover\" srcset=\"https:\/\/www.braavohotel.com\/wp-content\/uploads\/2022\/01\/DSC_4603-2vaiksem.jpg 1000w, https:\/\/www.braavohotel.com\/wp-content\/uploads\/2022\/01\/DSC_4603-2vaiksem-300x200.jpg 300w, https:\/\/www.braavohotel.com\/wp-content\/uploads\/2022\/01\/DSC_4603-2vaiksem-768x513.jpg 768w\" sizes=\"auto, (max-width: 1000px) 100vw, 1000px\" \/><div class=\"wp-block-cover__inner-container is-layout-flow wp-block-cover-is-layout-flow\">\n<h1 class=\"wp-block-heading has-text-align-center\">SPA-kylpyl\u00e4 ja saunakeskus<\/h1>\n\n\n\n<p><\/p>\n\n\n\n<div class=\"wp-block-buttons is-horizontal is-content-justification-center is-layout-flex wp-container-core-buttons-is-layout-499968f5 wp-block-buttons-is-layout-flex\">\n<div class=\"wp-block-button\"><a class=\"wp-block-button__link wp-element-button\" href=\"https:\/\/www.braavohotel.com\/fi\/spaa-ja-saunakeskus\/\">Lue lis\u00e4\u00e4<\/a><\/div>\n<\/div>\n\n\n\n<p><\/p>\n<\/div><\/div>\n\n\n\n<p><\/p>\n<\/div>\n<\/div>\n\n\n\n<div class=\"wp-block-columns alignwide is-layout-flex wp-container-core-columns-is-layout-9d6595d7 wp-block-columns-is-layout-flex\">\n<div class=\"wp-block-column is-layout-flow wp-block-column-is-layout-flow\">\n<div class=\"wp-block-cover\"><span aria-hidden=\"true\" class=\"wp-block-cover__background has-background-dim\"><\/span><img loading=\"lazy\" decoding=\"async\" width=\"2560\" height=\"1709\" class=\"wp-block-cover__image-background wp-image-392\" alt=\"\" src=\"https:\/\/www.braavohotel.com\/wp-content\/uploads\/2022\/01\/loogastu3-scaled.jpg\" data-object-fit=\"cover\" srcset=\"https:\/\/www.braavohotel.com\/wp-content\/uploads\/2022\/01\/loogastu3-scaled.jpg 2560w, https:\/\/www.braavohotel.com\/wp-content\/uploads\/2022\/01\/loogastu3-300x200.jpg 300w, https:\/\/www.braavohotel.com\/wp-content\/uploads\/2022\/01\/loogastu3-1024x684.jpg 1024w, https:\/\/www.braavohotel.com\/wp-content\/uploads\/2022\/01\/loogastu3-768x513.jpg 768w, https:\/\/www.braavohotel.com\/wp-content\/uploads\/2022\/01\/loogastu3-1536x1025.jpg 1536w, https:\/\/www.braavohotel.com\/wp-content\/uploads\/2022\/01\/loogastu3-2048x1367.jpg 2048w, https:\/\/www.braavohotel.com\/wp-content\/uploads\/2022\/01\/loogastu3-1568x1047.jpg 1568w\" sizes=\"auto, (max-width: 2560px) 100vw, 2560px\" \/><div class=\"wp-block-cover__inner-container is-layout-flow wp-block-cover-is-layout-flow\">\n<h1 class=\"wp-block-heading has-text-align-center\">Paketit<\/h1>\n\n\n\n<p><\/p>\n\n\n\n<div class=\"wp-block-buttons is-horizontal is-content-justification-center is-layout-flex wp-container-core-buttons-is-layout-499968f5 wp-block-buttons-is-layout-flex\">\n<div class=\"wp-block-button\"><a class=\"wp-block-button__link wp-element-button\" href=\"https:\/\/www.braavohotel.com\/fi\/paketid\/\">Lue lis\u00e4\u00e4<\/a><\/div>\n<\/div>\n<\/div><\/div>\n<\/div>\n\n\n\n<div class=\"wp-block-column is-layout-flow wp-block-column-is-layout-flow\">\n<div class=\"wp-block-cover\"><span aria-hidden=\"true\" class=\"wp-block-cover__background has-background-dim\"><\/span><img loading=\"lazy\" decoding=\"async\" width=\"2500\" height=\"1667\" class=\"wp-block-cover__image-background wp-image-391\" alt=\"\" src=\"https:\/\/www.braavohotel.com\/wp-content\/uploads\/2022\/01\/GSM02246.jpg\" data-object-fit=\"cover\" srcset=\"https:\/\/www.braavohotel.com\/wp-content\/uploads\/2022\/01\/GSM02246.jpg 2500w, https:\/\/www.braavohotel.com\/wp-content\/uploads\/2022\/01\/GSM02246-300x200.jpg 300w, https:\/\/www.braavohotel.com\/wp-content\/uploads\/2022\/01\/GSM02246-1024x683.jpg 1024w, https:\/\/www.braavohotel.com\/wp-content\/uploads\/2022\/01\/GSM02246-768x512.jpg 768w, https:\/\/www.braavohotel.com\/wp-content\/uploads\/2022\/01\/GSM02246-1536x1024.jpg 1536w, https:\/\/www.braavohotel.com\/wp-content\/uploads\/2022\/01\/GSM02246-2048x1366.jpg 2048w, https:\/\/www.braavohotel.com\/wp-content\/uploads\/2022\/01\/GSM02246-1568x1046.jpg 1568w\" sizes=\"auto, (max-width: 2500px) 100vw, 2500px\" \/><div class=\"wp-block-cover__inner-container is-layout-flow wp-block-cover-is-layout-flow\">\n<h1 class=\"wp-block-heading has-text-align-center\">Liikuntakeskus<\/h1>\n\n\n\n<p><\/p>\n\n\n\n<div class=\"wp-block-buttons is-horizontal is-content-justification-center is-layout-flex wp-container-core-buttons-is-layout-499968f5 wp-block-buttons-is-layout-flex\">\n<div class=\"wp-block-button\"><a class=\"wp-block-button__link wp-element-button\" href=\"https:\/\/www.braavohotel.com\/fi\/spordikeskus\/\">Lue lis\u00e4\u00e4<\/a><\/div>\n<\/div>\n<\/div><\/div>\n<\/div>\n<\/div>\n\n\n\n<div class=\"wp-block-columns are-vertically-aligned-center is-layout-flex wp-container-core-columns-is-layout-9d6595d7 wp-block-columns-is-layout-flex\">\n<div class=\"wp-block-column is-vertically-aligned-center is-layout-flow wp-block-column-is-layout-flow\"><\/div>\n<\/div>\n\n\n\n<div class=\"wp-block-webfactory-map alignfull google-map-edhotels\"><div class=\"wp-block-webfactory-map\"><iframe loading=\"lazy\" width=\"100%\" height=\"517px\" src=\"https:\/\/www.google.com\/maps\/embed\/v1\/place?q=Braavo%20hotell&amp;maptype=roadmap&amp;zoom=16&amp;key=AIzaSyDu21TpfU-MuEwU2kFMxIuyEP8nP1tAj4I\" frameborder=\"0\"><\/iframe><\/div><\/div>\n","protected":false},"excerpt":{"rendered":"<p>Viihtyis\u00e4n ja kodikkaan tunnelman tarjoava Braavo-hotelli sijaitsee Tallinnan ymp\u00e4rist\u00f6arvokkaassa vanhassakaupungissa. Hotellihuoneet sijaitsevat Tallinnan keskiaikaisen kaupunginmuurin takana ja osittain sen sis\u00e4ll\u00e4. Ainutlaatuiseen historiaa huokuvaan ymp\u00e4rist\u00f6\u00f6n on sovitettu kaikki nykyajan mukavuudet, mik\u00e4 tekee vierailustasi unohtumattoman ja nautinnollisen. Olipa vierailusi tavoite mik\u00e4 tahansa \u2013 Braavo-hotelli t\u00e4ytt\u00e4\u00e4 aina odotuksesi. Arjen kiireist\u00e4 voit rentoutua spa-kylpyl\u00e4ss\u00e4 tai vesikeskuksen kuudessa erilaisessa saunassa. [&hellip;]<\/p>\n","protected":false},"author":1,"featured_media":0,"parent":0,"menu_order":1,"comment_status":"closed","ping_status":"closed","template":"","meta":{"footnotes":""},"class_list":["post-903","page","type-page","status-publish","hentry"],"yoast_head":"<!-- This site is optimized with the Yoast SEO plugin v24.9 - https:\/\/yoast.com\/wordpress\/plugins\/seo\/ -->\n<title>ETUSIVU - Braavo Hotel<\/title>\n<meta name=\"robots\" content=\"index, follow, max-snippet:-1, max-image-preview:large, max-video-preview:-1\" \/>\n<link rel=\"canonical\" href=\"https:\/\/www.braavohotel.com\/fi\/\" \/>\n<meta property=\"og:locale\" content=\"fi_FI\" \/>\n<meta property=\"og:type\" content=\"article\" \/>\n<meta property=\"og:title\" content=\"ETUSIVU - Braavo Hotel\" \/>\n<meta property=\"og:description\" content=\"Viihtyis\u00e4n ja kodikkaan tunnelman tarjoava Braavo-hotelli sijaitsee Tallinnan ymp\u00e4rist\u00f6arvokkaassa vanhassakaupungissa. Hotellihuoneet sijaitsevat Tallinnan keskiaikaisen kaupunginmuurin takana ja osittain sen sis\u00e4ll\u00e4. Ainutlaatuiseen historiaa huokuvaan ymp\u00e4rist\u00f6\u00f6n on sovitettu kaikki nykyajan mukavuudet, mik\u00e4 tekee vierailustasi unohtumattoman ja nautinnollisen. Olipa vierailusi tavoite mik\u00e4 tahansa \u2013 Braavo-hotelli t\u00e4ytt\u00e4\u00e4 aina odotuksesi. Arjen kiireist\u00e4 voit rentoutua spa-kylpyl\u00e4ss\u00e4 tai vesikeskuksen kuudessa erilaisessa saunassa. [&hellip;]\" \/>\n<meta property=\"og:url\" content=\"https:\/\/www.braavohotel.com\/fi\/\" \/>\n<meta property=\"og:site_name\" content=\"Braavo Hotel\" \/>\n<meta property=\"article:publisher\" content=\"https:\/\/www.facebook.com\/braavohotel\" \/>\n<meta property=\"article:modified_time\" content=\"2025-02-11T12:07:22+00:00\" \/>\n<meta property=\"og:image\" content=\"https:\/\/www.braavohotel.com\/wp-content\/uploads\/2022\/11\/IMG_3517-scaled.jpg\" \/>\n<meta name=\"twitter:card\" content=\"summary_large_image\" \/>\n<meta name=\"twitter:label1\" content=\"Arvioitu lukuaika\" \/>\n\t<meta name=\"twitter:data1\" content=\"3 minuuttia\" \/>\n<script type=\"application\/ld+json\" class=\"yoast-schema-graph\">{\"@context\":\"https:\/\/schema.org\",\"@graph\":[{\"@type\":\"WebPage\",\"@id\":\"https:\/\/www.braavohotel.com\/fi\/\",\"url\":\"https:\/\/www.braavohotel.com\/fi\/\",\"name\":\"ETUSIVU - Braavo Hotel\",\"isPartOf\":{\"@id\":\"https:\/\/www.braavohotel.com\/#website\"},\"primaryImageOfPage\":{\"@id\":\"https:\/\/www.braavohotel.com\/fi\/#primaryimage\"},\"image\":{\"@id\":\"https:\/\/www.braavohotel.com\/fi\/#primaryimage\"},\"thumbnailUrl\":\"https:\/\/www.braavohotel.com\/wp-content\/uploads\/2022\/11\/IMG_3517-scaled.jpg\",\"datePublished\":\"2021-11-30T12:56:46+00:00\",\"dateModified\":\"2025-02-11T12:07:22+00:00\",\"breadcrumb\":{\"@id\":\"https:\/\/www.braavohotel.com\/fi\/#breadcrumb\"},\"inLanguage\":\"fi\",\"potentialAction\":[{\"@type\":\"ReadAction\",\"target\":[\"https:\/\/www.braavohotel.com\/fi\/\"]}]},{\"@type\":\"ImageObject\",\"inLanguage\":\"fi\",\"@id\":\"https:\/\/www.braavohotel.com\/fi\/#primaryimage\",\"url\":\"https:\/\/www.braavohotel.com\/wp-content\/uploads\/2022\/11\/IMG_3517-scaled.jpg\",\"contentUrl\":\"https:\/\/www.braavohotel.com\/wp-content\/uploads\/2022\/11\/IMG_3517-scaled.jpg\"},{\"@type\":\"BreadcrumbList\",\"@id\":\"https:\/\/www.braavohotel.com\/fi\/#breadcrumb\",\"itemListElement\":[{\"@type\":\"ListItem\",\"position\":1,\"name\":\"Home\",\"item\":\"https:\/\/www.braavohotel.com\/fi\/\"},{\"@type\":\"ListItem\",\"position\":2,\"name\":\"ETUSIVU\"}]},{\"@type\":\"WebSite\",\"@id\":\"https:\/\/www.braavohotel.com\/#website\",\"url\":\"https:\/\/www.braavohotel.com\/\",\"name\":\"Braavo Hotel\",\"description\":\"Hotell Tallinna vanalinnas\",\"potentialAction\":[{\"@type\":\"SearchAction\",\"target\":{\"@type\":\"EntryPoint\",\"urlTemplate\":\"https:\/\/www.braavohotel.com\/?s={search_term_string}\"},\"query-input\":{\"@type\":\"PropertyValueSpecification\",\"valueRequired\":true,\"valueName\":\"search_term_string\"}}],\"inLanguage\":\"fi\"}]}<\/script>\n<!-- \/ Yoast SEO plugin. -->","yoast_head_json":{"title":"ETUSIVU - Braavo Hotel","robots":{"index":"index","follow":"follow","max-snippet":"max-snippet:-1","max-image-preview":"max-image-preview:large","max-video-preview":"max-video-preview:-1"},"canonical":"https:\/\/www.braavohotel.com\/fi\/","og_locale":"fi_FI","og_type":"article","og_title":"ETUSIVU - Braavo Hotel","og_description":"Viihtyis\u00e4n ja kodikkaan tunnelman tarjoava Braavo-hotelli sijaitsee Tallinnan ymp\u00e4rist\u00f6arvokkaassa vanhassakaupungissa. Hotellihuoneet sijaitsevat Tallinnan keskiaikaisen kaupunginmuurin takana ja osittain sen sis\u00e4ll\u00e4. Ainutlaatuiseen historiaa huokuvaan ymp\u00e4rist\u00f6\u00f6n on sovitettu kaikki nykyajan mukavuudet, mik\u00e4 tekee vierailustasi unohtumattoman ja nautinnollisen. Olipa vierailusi tavoite mik\u00e4 tahansa \u2013 Braavo-hotelli t\u00e4ytt\u00e4\u00e4 aina odotuksesi. Arjen kiireist\u00e4 voit rentoutua spa-kylpyl\u00e4ss\u00e4 tai vesikeskuksen kuudessa erilaisessa saunassa. [&hellip;]","og_url":"https:\/\/www.braavohotel.com\/fi\/","og_site_name":"Braavo Hotel","article_publisher":"https:\/\/www.facebook.com\/braavohotel","article_modified_time":"2025-02-11T12:07:22+00:00","og_image":[{"url":"https:\/\/www.braavohotel.com\/wp-content\/uploads\/2022\/11\/IMG_3517-scaled.jpg","type":"","width":"","height":""}],"twitter_card":"summary_large_image","twitter_misc":{"Arvioitu lukuaika":"3 minuuttia"},"schema":{"@context":"https:\/\/schema.org","@graph":[{"@type":"WebPage","@id":"https:\/\/www.braavohotel.com\/fi\/","url":"https:\/\/www.braavohotel.com\/fi\/","name":"ETUSIVU - Braavo Hotel","isPartOf":{"@id":"https:\/\/www.braavohotel.com\/#website"},"primaryImageOfPage":{"@id":"https:\/\/www.braavohotel.com\/fi\/#primaryimage"},"image":{"@id":"https:\/\/www.braavohotel.com\/fi\/#primaryimage"},"thumbnailUrl":"https:\/\/www.braavohotel.com\/wp-content\/uploads\/2022\/11\/IMG_3517-scaled.jpg","datePublished":"2021-11-30T12:56:46+00:00","dateModified":"2025-02-11T12:07:22+00:00","breadcrumb":{"@id":"https:\/\/www.braavohotel.com\/fi\/#breadcrumb"},"inLanguage":"fi","potentialAction":[{"@type":"ReadAction","target":["https:\/\/www.braavohotel.com\/fi\/"]}]},{"@type":"ImageObject","inLanguage":"fi","@id":"https:\/\/www.braavohotel.com\/fi\/#primaryimage","url":"https:\/\/www.braavohotel.com\/wp-content\/uploads\/2022\/11\/IMG_3517-scaled.jpg","contentUrl":"https:\/\/www.braavohotel.com\/wp-content\/uploads\/2022\/11\/IMG_3517-scaled.jpg"},{"@type":"BreadcrumbList","@id":"https:\/\/www.braavohotel.com\/fi\/#breadcrumb","itemListElement":[{"@type":"ListItem","position":1,"name":"Home","item":"https:\/\/www.braavohotel.com\/fi\/"},{"@type":"ListItem","position":2,"name":"ETUSIVU"}]},{"@type":"WebSite","@id":"https:\/\/www.braavohotel.com\/#website","url":"https:\/\/www.braavohotel.com\/","name":"Braavo Hotel","description":"Hotell Tallinna vanalinnas","potentialAction":[{"@type":"SearchAction","target":{"@type":"EntryPoint","urlTemplate":"https:\/\/www.braavohotel.com\/?s={search_term_string}"},"query-input":{"@type":"PropertyValueSpecification","valueRequired":true,"valueName":"search_term_string"}}],"inLanguage":"fi"}]}},"_links":{"self":[{"href":"https:\/\/www.braavohotel.com\/fi\/wp-json\/wp\/v2\/pages\/903","targetHints":{"allow":["GET"]}}],"collection":[{"href":"https:\/\/www.braavohotel.com\/fi\/wp-json\/wp\/v2\/pages"}],"about":[{"href":"https:\/\/www.braavohotel.com\/fi\/wp-json\/wp\/v2\/types\/page"}],"author":[{"embeddable":true,"href":"https:\/\/www.braavohotel.com\/fi\/wp-json\/wp\/v2\/users\/1"}],"replies":[{"embeddable":true,"href":"https:\/\/www.braavohotel.com\/fi\/wp-json\/wp\/v2\/comments?post=903"}],"version-history":[{"count":22,"href":"https:\/\/www.braavohotel.com\/fi\/wp-json\/wp\/v2\/pages\/903\/revisions"}],"predecessor-version":[{"id":1943,"href":"https:\/\/www.braavohotel.com\/fi\/wp-json\/wp\/v2\/pages\/903\/revisions\/1943"}],"wp:attachment":[{"href":"https:\/\/www.braavohotel.com\/fi\/wp-json\/wp\/v2\/media?parent=903"}],"curies":[{"name":"wp","href":"https:\/\/api.w.org\/{rel}","templated":true}]}}